{"id":14877,"date":"2026-04-03T21:13:03","date_gmt":"2026-04-03T21:13:03","guid":{"rendered":"https:\/\/schmier.at\/?post_type=product&#038;p=14877"},"modified":"2026-04-05T06:09:03","modified_gmt":"2026-04-05T06:09:03","slug":"oks-250-white-multi-purpose-paste-metal-free-8ml-tube-2","status":"publish","type":"product","link":"https:\/\/schmier.at\/index.php\/product\/oks-250-white-multi-purpose-paste-metal-free-8ml-tube-2\/","title":{"rendered":"OKS 250 Wei\u00dfe Mehrzweckpaste, metallfrei, 8-ml-Tube"},"content":{"rendered":"<div>OKS 250 ist eine Hochtemperaturpaste auf Keramikbasis zur Schmierung hochbelasteter Gleitfl\u00e4chen.<\/p>\n<p><strong>Anwendungsbereich<\/strong><\/p>\n<ul>\n<li>Hochtemperaturpaste f\u00fcr Schrauben und Gleitfl\u00e4chen, die hohen Dr\u00fccken und Temperaturen ausgesetzt sind<\/li>\n<\/ul>\n<p><strong>Eigenschaften<\/strong><\/p>\n<ul>\n<li>Optimale Balance zwischen Schraubenanzugsmoment und erreichbarer Vorspannung<\/li>\n<li>Metallfrei<\/li>\n<li>Hervorragender Korrosionsschutz<\/li>\n<li>Ideal f\u00fcr Edelstahlverbindungen<\/li>\n<\/ul>\n<p><strong>Technische Spezifikationen<\/strong><\/p>\n<ul>\n<li>Betriebstemperatur -40\u00b0C bis +200\u00b0C (Schmierung) +1.400\u00b0C (Trennung)<\/li>\n<li>Presspassung \u00b5 = 0,10, kein Rattern<\/li>\n<li>Vierkugelpr\u00fcfstand (Schwei\u00dflast)\u00a03.600 N<\/li>\n<li>Gewindereibung (M10\/8,8)\u00a0\u00b5 = 0,12<\/li>\n<li>Inhalt 8ml<\/li>\n<li>Rohr<\/li>\n<li>Zulassungen\u00a0NSF H2 (Reg\u00a0131379)<\/li>\n<\/ul>\n<p><strong>Branchen<\/strong><\/p>\n<ul>\n<li>Wartung und Instandhaltung<\/li>\n<li>Kommunale Dienstleistungen<\/li>\n<li>Chemische Industrie<\/li>\n<li>Anlagen- und Maschinenbau (Werkzeugbau).<\/li>\n<li>Eisen- und Stahlindustrie<\/li>\n<li>Glas- und Gie\u00dfereiindustrie<\/li>\n<li>Gummi- und Kunststoffverarbeitung<\/li>\n<li>Schiffbau und Meerestechnik<\/li>\n<li>Papier- und Verpackungsindustrie<\/li>\n<li>Gastronomieausr\u00fcstung und Lebensmittelverarbeitungstechnik<\/li>\n<li>Logistik<\/li>\n<li>Schienenfahrzeugtechnik<\/li>\n<\/ul>\n<p><img decoding=\"async\" alt=\"friction bearings\" src=\"https:\/\/eurohandler.com\/wp-content\/uploads\/pmedia\/IDf4d5976e01_DESC_01.jpg\" style=\"border-style:solid;float:left;font-family:arial,helvetica,sans-serif;font-size:11px;height:100px;margin:0px 3px 3px 0px;padding:0px;width:80px\" title=\"friction bearings\"><img decoding=\"async\" alt=\"pivot bearings\" src=\"https:\/\/eurohandler.com\/wp-content\/uploads\/pmedia\/IDf4d5976e01_DESC_02.jpg\" style=\"border-style:solid;float:left;font-family:arial,helvetica,sans-serif;font-size:11px;height:100px;margin:0px 3px 3px 0px;padding:0px;width:80px\" title=\"pivot bearings\"><img decoding=\"async\" alt=\"levers\" src=\"https:\/\/eurohandler.com\/wp-content\/uploads\/pmedia\/IDf4d5976e01_DESC_03.jpg\" style=\"border-style:solid;float:left;font-family:arial,helvetica,sans-serif;font-size:11px;height:100px;margin:0px 3px 3px 0px;padding:0px;width:80px\" title=\"levers\"><img decoding=\"async\" alt=\"splined shafts\" src=\"https:\/\/eurohandler.com\/wp-content\/uploads\/pmedia\/IDf4d5976e01_DESC_04.jpg\" style=\"border-style:solid;float:left;font-family:arial,helvetica,sans-serif;font-size:11px;height:100px;margin:0px 3px 3px 0px;padding:0px;width:80px\" title=\"splined shafts\"><img decoding=\"async\" alt=\"forming\" src=\"https:\/\/eurohandler.com\/wp-content\/uploads\/pmedia\/IDf4d5976e01_DESC_05.jpg\" style=\"border-style:solid;float:left;font-family:arial,helvetica,sans-serif;font-size:11px;height:100px;margin:0px 3px 3px 0px;padding:0px;width:80px\" title=\"forming\"><img decoding=\"async\" alt=\"screw connections\" src=\"https:\/\/eurohandler.com\/wp-content\/uploads\/pmedia\/IDf4d5976e01_DESC_06.jpg\" style=\"border-style:solid;float:left;font-family:arial,helvetica,sans-serif;font-size:11px;height:100px;margin:0px 3px 3px 0px;padding:0px;width:80px\" title=\"screw connections\"><img decoding=\"async\" alt=\"brakes\" src=\"https:\/\/eurohandler.com\/wp-content\/uploads\/pmedia\/IDf4d5976e01_DESC_07.jpg\" style=\"border-style:solid;float:left;font-family:arial,helvetica,sans-serif;font-size:11px;height:100px;margin:0px 3px 3px 0px;padding:0px;width:80px\" title=\"brakes\"><img decoding=\"async\" alt=\"food processing\" src=\"https:\/\/eurohandler.com\/wp-content\/uploads\/pmedia\/IDf4d5976e01_DESC_08.jpg\" style=\"border-style:solid;float:left;font-family:arial,helvetica,sans-serif;font-size:11px;height:100px;margin:0px 3px 3px 0px;padding:0px;width:80px\" title=\"food processing\"><\/p>\n<p><img decoding=\"async\" alt=\"high-temperature\" src=\"https:\/\/eurohandler.com\/wp-content\/uploads\/pmedia\/IDf4d5976e01_DESC_09.jpg\" style=\"border-style:solid;float:left;font-family:arial,helvetica,sans-serif;font-size:11px;height:100px;margin:0px 3px 3px 0px;padding:0px;width:80px\" title=\"high-temperature\"><img decoding=\"async\" alt=\"pressure loading\" src=\"https:\/\/eurohandler.com\/wp-content\/uploads\/pmedia\/IDf4d5976e01_DESC_10.jpg\" style=\"border-style:solid;float:left;font-family:arial,helvetica,sans-serif;font-size:11px;height:100px;margin:0px 3px 3px 0px;padding:0px;width:80px\" title=\"pressure loading\"><img decoding=\"async\" alt=\"corrosion protection\" src=\"https:\/\/eurohandler.com\/wp-content\/uploads\/pmedia\/IDf4d5976e01_DESC_11.jpg\" style=\"border-style:solid;float:left;font-family:arial,helvetica,sans-serif;font-size:11px;height:100px;margin:0px 3px 3px 0px;padding:0px;width:80px\" title=\"corrosion protection\"><\/p>\n<p>\u00a0<\/p>\n<hr>\n<h5 style='font-family: \"Helvetica Neue\", Helvetica, Arial, sans-serif'>Gefahreninformationen (CLP)<\/h5>\n<p><img decoding=\"async\" alt=\"\" src=\"https:\/\/eurohandler.com\/wp-content\/uploads\/pmedia\/IDf4d5976e01_DESC_12.jpg\" style=\"height: 100px;width: 100px\">\u00a0<img decoding=\"async\" alt=\"\" src=\"https:\/\/eurohandler.com\/wp-content\/uploads\/pmedia\/IDf4d5976e01_DESC_13.jpg\" style=\"height: 100px;width: 100px\"><\/p>\n<p><b>Signalwort:<\/b>\u00a0Gefahr.<\/p>\n<h5 style='font-family: \"Helvetica Neue\", Helvetica, Arial, sans-serif'>Gefahrenhinweise (H-S\u00e4tze)<\/h5>\n<ul>\n<li>H315: Verursacht Hautreizungen.<\/li>\n<li>H318: Verursacht schwere Augensch\u00e4den.<\/li>\n<li>H410: Sehr giftig f\u00fcr Wasserorganismen mit langfristiger Wirkung.<\/li>\n<\/ul>\n<h5 style='font-family: \"Helvetica Neue\", Helvetica, Arial, sans-serif'>Sicherheitshinweise (P-S\u00e4tze)<\/h5>\n<h6 style='font-family: \"Helvetica Neue\", Helvetica, Arial, sans-serif'>Verh\u00fctung:<\/h6>\n<ul>\n<li>P264: Nach der Handhabung die Haut gr\u00fcndlich waschen.<\/li>\n<li>P273: Freisetzung in die Umwelt vermeiden.<\/li>\n<li>P280: Schutzhandschuhe\/Augenschutz\/Gesichtsschutz tragen.<\/li>\n<\/ul>\n<h6 style='font-family: \"Helvetica Neue\", Helvetica, Arial, sans-serif'>Antwort:<\/h6>\n<ul>\n<li>P305 + P351 + P338 + P310: BEI KONTAKT MIT DEN AUGEN: Einige Minuten lang vorsichtig mit Wasser sp\u00fclen. Entfernen Sie Kontaktlinsen, falls vorhanden und einfach m\u00f6glich. Sp\u00fclen Sie weiter. Sofort GIFTINFORMATIONSZENTRUM\/Arzt anrufen.<\/li>\n<li>P332 + P313: Bei Hautreizung: \u00c4rztlichen Rat einholen\/\u00e4rztliche Hilfe hinzuziehen.<\/li>\n<li>P391: Versch\u00fcttete Mengen auffangen.<\/li>\n<\/ul>\n<h5 style='font-family: \"Helvetica Neue\", Helvetica, Arial, sans-serif'>Gefahrenbestimmende(r) Bestandteil(e) zur Kennzeichnung<\/h5>\n<ul>\n<li>Calciumdihydroxid<\/li>\n<\/ul>\n<h5 style='font-family: \"Helvetica Neue\", Helvetica, Arial, sans-serif'>Zus\u00e4tzliche Kennzeichnung (EUH-S\u00e4tze)<\/h5>\n<ul>\n<li>EUH208: Enth\u00e4lt Molybd\u00e4ntrioxid, Reaktionsprodukte mit Bis[O,O-bis(2-ethylhexyl)]hydrogendithiophosphat. Kann allergische Reaktionen hervorrufen.<\/li>\n<li>EUH212: Achtung! Bei der Verwendung kann gef\u00e4hrlicher, alveoleng\u00e4ngiger Staub entstehen. Staub nicht einatmen.<\/li>\n<\/ul>\n<p>\u00a0<\/p>\n<legend>Informationen zur Produktsicherheit (Hersteller, Kontakt)<\/legend>\n<p>OKS Spezialschmierstoffe GmbH, Ganghoferstr. 47, D-82216 Maisach-Gernlinden, +49 8142 3051 500,<a class=\"__cf_email__\" data-cfemail=\"563f38303916393d257b3133243b37382f7835393b\" href=\"https:\/\/eurohandler.com\/\">[email\u00a0gesch\u00fctzt]<\/a>, www.oks-Germany.com<\/p>\n<\/div>\n","protected":false},"excerpt":{"rendered":"<p>OKS 250 ist eine Hochtemperaturpaste auf Keramikbasis zur Schmierung hochbelasteter Gleitfl\u00e4chen. Anwendungsbereich Hochtemperaturpaste f\u00fcr Schrauben und Gleitfl\u00e4chen, die hohen Dr\u00fccken und Temperaturen ausgesetzt sind Eigenschaften Optimale Balance zwischen Schraubenanzugsmoment und erreichbarer Vorspannung Metallfrei Hervorragender Korrosionsschutz Ideal f\u00fcr Edelstahlverbindungen Technische Spezifikationen Betriebstemperatur -40\u00b0C bis +200\u00b0C (Schmierung) +1.400\u00b0C (Trennung) Presspassung \u00b5 = 0,10, kein Rattern Vierkugelpr\u00fcfstand (Schwei\u00dflast)\u00a03.600 [&hellip;]<\/p>\n","protected":false},"featured_media":14907,"comment_status":"open","ping_status":"closed","template":"","meta":[],"product_brand":[],"product_cat":[220],"product_tag":[],"class_list":{"0":"post-14877","1":"product","2":"type-product","3":"status-publish","4":"has-post-thumbnail","6":"product_cat-oks-assembly-pastes","8":"first","9":"instock","10":"shipping-taxable","11":"purchasable","12":"product-type-variable"},"jetpack_sharing_enabled":true,"_links":{"self":[{"href":"https:\/\/schmier.at\/index.php\/wp-json\/wp\/v2\/product\/14877","targetHints":{"allow":["GET"]}}],"collection":[{"href":"https:\/\/schmier.at\/index.php\/wp-json\/wp\/v2\/product"}],"about":[{"href":"https:\/\/schmier.at\/index.php\/wp-json\/wp\/v2\/types\/product"}],"replies":[{"embeddable":true,"href":"https:\/\/schmier.at\/index.php\/wp-json\/wp\/v2\/comments?post=14877"}],"wp:featuredmedia":[{"embeddable":true,"href":"https:\/\/schmier.at\/index.php\/wp-json\/wp\/v2\/media\/14907"}],"wp:attachment":[{"href":"https:\/\/schmier.at\/index.php\/wp-json\/wp\/v2\/media?parent=14877"}],"wp:term":[{"taxonomy":"product_brand","embeddable":true,"href":"https:\/\/schmier.at\/index.php\/wp-json\/wp\/v2\/product_brand?post=14877"},{"taxonomy":"product_cat","embeddable":true,"href":"https:\/\/schmier.at\/index.php\/wp-json\/wp\/v2\/product_cat?post=14877"},{"taxonomy":"product_tag","embeddable":true,"href":"https:\/\/schmier.at\/index.php\/wp-json\/wp\/v2\/product_tag?post=14877"}],"curies":[{"name":"wp","href":"https:\/\/api.w.org\/{rel}","templated":true}]}}