{"id":14879,"date":"2026-04-03T21:13:03","date_gmt":"2026-04-03T21:13:03","guid":{"rendered":"https:\/\/schmier.at\/?post_type=product&#038;p=14879"},"modified":"2026-04-05T06:09:51","modified_gmt":"2026-04-05T06:09:51","slug":"oks-260-white-assembly-paste-250g-tin","status":"publish","type":"product","link":"https:\/\/schmier.at\/index.php\/product\/oks-260-white-assembly-paste-250g-tin\/","title":{"rendered":"OKS 260 Wei\u00dfe Montagepaste 250g Dose"},"content":{"rendered":"<div>\n<strong>Anwendungsbereich<\/strong><\/p>\n<ul>\n<li>Montageschmierung von Gleitstellen<\/li>\n<li>Schneckenschmierung bei normalen Temperaturen und niedrigen Drehzahlen<\/li>\n<li>Schmierung beim Zusammenf\u00fcgen von Teilen<\/li>\n<\/ul>\n<p><strong>Eigenschaften<\/strong><\/p>\n<ul>\n<li>Verhindert Reibungskorrosion<\/li>\n<li>Geringer Verbrauch durch D\u00fcnnschichtschmierung<\/li>\n<li>Hervorragende Wasserbest\u00e4ndigkeit<\/li>\n<li>Hervorragende Schmier- und Trennwirkung<\/li>\n<li>Gutes Korrosionsschutzverhalten<\/li>\n<li>Metallfrei<\/li>\n<\/ul>\n<p><strong>Technische Daten<\/strong><\/p>\n<ul>\n<li>Betriebstemperatur: -25\u00b0C &#8211; +150\u00b0C<\/li>\n<li>Presspassung: \u00b5 = 0,09, kein Rattern<\/li>\n<li>Vierkugelpr\u00fcfstand (Schwei\u00dflast): 2.600 N<\/li>\n<li>Inhalt 250g<\/li>\n<li>Zinn<\/li>\n<\/ul>\n<p><strong>Branchen<\/strong><\/p>\n<ul>\n<li>Kommunale Dienstleistungen<\/li>\n<li>Eisen- und Stahlindustrie<\/li>\n<li>Gummi- und Kunststoffverarbeitung<\/li>\n<li>Logistik<\/li>\n<li>Papier- und Verpackungsindustrie<\/li>\n<li>Chemische Industrie<\/li>\n<li>Schiffbau und Meerestechnik<\/li>\n<li>Anlagen- und Maschinenbau (Werkzeugbau).<\/li>\n<li>Glas- und Gie\u00dfereiindustrie<\/li>\n<\/ul>\n<p><img decoding=\"async\" alt=\"pivot bearings\" src=\"https:\/\/eurohandler.com\/wp-content\/uploads\/pmedia\/ID1968a0850e_DESC_01.jpg\" style=\"height: 100px;border-style: solid;float: left;font-family: arial, helvetica, sans-serif;font-size: 11px;margin: 0px 3px 3px 0px;padding: 0px;width: 80px\" title=\"pivot bearings\"><img decoding=\"async\" alt=\"levers\" src=\"https:\/\/eurohandler.com\/wp-content\/uploads\/pmedia\/ID1968a0850e_DESC_02.jpg\" style=\"height: 100px;border-style: solid;float: left;font-family: arial, helvetica, sans-serif;font-size: 11px;margin: 0px 3px 3px 0px;padding: 0px;width: 80px\" title=\"levers\"><img decoding=\"async\" alt=\"sliding guides\" src=\"https:\/\/eurohandler.com\/wp-content\/uploads\/pmedia\/ID1968a0850e_DESC_03.jpg\" style=\"height: 100px;border-style: solid;float: left;font-family: arial, helvetica, sans-serif;font-size: 11px;margin: 0px 3px 3px 0px;padding: 0px;width: 80px\" title=\"sliding guides\"><img decoding=\"async\" alt=\"spindles\" src=\"https:\/\/eurohandler.com\/wp-content\/uploads\/pmedia\/ID1968a0850e_DESC_04.jpg\" style=\"height: 100px;border-style: solid;float: left;font-family: arial, helvetica, sans-serif;font-size: 11px;margin: 0px 3px 3px 0px;padding: 0px;width: 80px\" title=\"spindles\"><img decoding=\"async\" alt=\"splined shafts\" src=\"https:\/\/eurohandler.com\/wp-content\/uploads\/pmedia\/ID1968a0850e_DESC_05.jpg\" style=\"height: 100px;border-style: solid;float: left;font-family: arial, helvetica, sans-serif;font-size: 11px;margin: 0px 3px 3px 0px;padding: 0px;width: 80px\" title=\"splined shafts\"><img decoding=\"async\" alt=\"forming\" src=\"https:\/\/eurohandler.com\/wp-content\/uploads\/pmedia\/ID1968a0850e_DESC_06.jpg\" style=\"height: 100px;border-style: solid;float: left;font-family: arial, helvetica, sans-serif;font-size: 11px;margin: 0px 3px 3px 0px;padding: 0px;width: 80px\" title=\"forming\"><img decoding=\"async\" alt=\"screw connections\" src=\"https:\/\/eurohandler.com\/wp-content\/uploads\/pmedia\/ID1968a0850e_DESC_07.jpg\" style=\"height: 100px;border-style: solid;float: left;font-family: arial, helvetica, sans-serif;font-size: 11px;margin: 0px 3px 3px 0px;padding: 0px;width: 80px\" title=\"screw connections\"><\/p>\n<div><font color=\"#333333\" face=\"arial, helvetica, sans-serif\"><span style=\"font-size: 11px\"><\/span><\/font><\/p>\n<p>\u00a0<\/p>\n<hr>\n<h5 style='font-family: \"Helvetica Neue\", Helvetica, Arial, sans-serif'>Gefahrenhinweise (CLP)<\/h5>\n<p><img decoding=\"async\" alt=\"\" src=\"https:\/\/eurohandler.com\/wp-content\/uploads\/pmedia\/ID1968a0850e_DESC_08.jpg\" style=\"height: 100px;width: 100px\">\u00a0<img decoding=\"async\" alt=\"\" src=\"https:\/\/eurohandler.com\/wp-content\/uploads\/pmedia\/ID1968a0850e_DESC_09.jpg\" style=\"height: 100px;width: 100px\"><\/p>\n<p><b>Signalwort:<\/b>\u00a0Gefahr.<\/p>\n<h5 style='font-family: \"Helvetica Neue\", Helvetica, Arial, sans-serif'>Gefahrenhinweise (H-S\u00e4tze)<\/h5>\n<ul>\n<li>H315: Verursacht Hautreizungen.<\/li>\n<li>H318: Verursacht schwere Augensch\u00e4den.<\/li>\n<li>H335: Kann die Atemwege reizen.<\/li>\n<\/ul>\n<h5 style='font-family: \"Helvetica Neue\", Helvetica, Arial, sans-serif'>Sicherheitshinweise (P-S\u00e4tze)<\/h5>\n<h6 style='font-family: \"Helvetica Neue\", Helvetica, Arial, sans-serif'>Verh\u00fctung:<\/h6>\n<ul>\n<li>P264: Nach der Handhabung H\u00e4nde gr\u00fcndlich waschen.<\/li>\n<li>P271: Nur im Freien oder in einem gut bel\u00fcfteten Bereich verwenden.<\/li>\n<li>P280: Schutzhandschuhe\/Augenschutz\/Gesichtsschutz tragen.<\/li>\n<\/ul>\n<h6 style='font-family: \"Helvetica Neue\", Helvetica, Arial, sans-serif'>Antwort:<\/h6>\n<ul>\n<li>P304 + P340 + P312: BEI EINATMEN: Die Person an die frische Luft bringen und f\u00fcr ungehinderte Atmung sorgen. Bei Unwohlsein GIFTINFORMATIONSZENTRUM\/Arzt anrufen.<\/li>\n<li>P305 + P351 + P338 + P310: BEI KONTAKT MIT DEN AUGEN: Einige Minuten lang vorsichtig mit Wasser sp\u00fclen. Entfernen Sie Kontaktlinsen, sofern vorhanden und einfach m\u00f6glich. Sp\u00fclen Sie weiter. Sofort GIFTINFORMATIONSZENTRUM\/Arzt anrufen.<\/li>\n<\/ul>\n<h6 style='font-family: \"Helvetica Neue\", Helvetica, Arial, sans-serif'>Lagerung:<\/h6>\n<ul>\n<li>P403 + P233: An einem gut bel\u00fcfteten Ort aufbewahren. Beh\u00e4lter fest verschlossen halten.<\/li>\n<\/ul>\n<h5 style='font-family: \"Helvetica Neue\", Helvetica, Arial, sans-serif'>Weitere Informationen<\/h5>\n<ul>\n<li>Gefahrenbestimmende Komponente(n) zur Kennzeichnung: Calciumdihydroxid.<\/li>\n<\/ul>\n<\/div>\n<p>\u00a0<\/p>\n<legend>Informationen zur Produktsicherheit (Hersteller, Kontakt)<\/legend>\n<p>OKS Spezialschmierstoffe GmbH, Ganghoferstr. 47, D-82216 Maisach-Gernlinden, +49 8142 3051 500,<a class=\"__cf_email__\" data-cfemail=\"3a53545c557a555149175d5f48575b544314595557\" href=\"https:\/\/eurohandler.com\/\">[email\u00a0gesch\u00fctzt]<\/a>, www.oks-Germany.com<\/p>\n<\/div>\n","protected":false},"excerpt":{"rendered":"<p>Anwendungsbereich Montageschmierung von Gleitstellen Schneckenschmierung bei normalen Temperaturen und niedrigen Drehzahlen Schmierung beim Zusammenf\u00fcgen von Teilen Eigenschaften Verhindert Reibungskorrosion Geringer Verbrauch durch D\u00fcnnschichtschmierung Hervorragende Wasserbest\u00e4ndigkeit Hervorragende Schmier- und Trennwirkung Gutes Korrosionsschutzverhalten Metallfrei Technische Daten Betriebstemperatur: -25\u00b0C &#8211; +150\u00b0C Presspassung: \u00b5 = 0,09, kein Rattern Vierkugelpr\u00fcfstand (Schwei\u00dflast): 2.600 N Inhalt 250g Zinn Branchen Kommunale Dienstleistungen Eisen- [&hellip;]<\/p>\n","protected":false},"featured_media":14909,"comment_status":"open","ping_status":"closed","template":"","meta":[],"product_brand":[],"product_cat":[220],"product_tag":[],"class_list":{"0":"post-14879","1":"product","2":"type-product","3":"status-publish","4":"has-post-thumbnail","6":"product_cat-oks-assembly-pastes","8":"first","9":"instock","10":"shipping-taxable","11":"purchasable","12":"product-type-variable"},"jetpack_sharing_enabled":true,"_links":{"self":[{"href":"https:\/\/schmier.at\/index.php\/wp-json\/wp\/v2\/product\/14879","targetHints":{"allow":["GET"]}}],"collection":[{"href":"https:\/\/schmier.at\/index.php\/wp-json\/wp\/v2\/product"}],"about":[{"href":"https:\/\/schmier.at\/index.php\/wp-json\/wp\/v2\/types\/product"}],"replies":[{"embeddable":true,"href":"https:\/\/schmier.at\/index.php\/wp-json\/wp\/v2\/comments?post=14879"}],"wp:featuredmedia":[{"embeddable":true,"href":"https:\/\/schmier.at\/index.php\/wp-json\/wp\/v2\/media\/14909"}],"wp:attachment":[{"href":"https:\/\/schmier.at\/index.php\/wp-json\/wp\/v2\/media?parent=14879"}],"wp:term":[{"taxonomy":"product_brand","embeddable":true,"href":"https:\/\/schmier.at\/index.php\/wp-json\/wp\/v2\/product_brand?post=14879"},{"taxonomy":"product_cat","embeddable":true,"href":"https:\/\/schmier.at\/index.php\/wp-json\/wp\/v2\/product_cat?post=14879"},{"taxonomy":"product_tag","embeddable":true,"href":"https:\/\/schmier.at\/index.php\/wp-json\/wp\/v2\/product_tag?post=14879"}],"curies":[{"name":"wp","href":"https:\/\/api.w.org\/{rel}","templated":true}]}}