{"id":14883,"date":"2026-04-03T21:13:03","date_gmt":"2026-04-03T21:13:03","guid":{"rendered":"https:\/\/schmier.at\/?post_type=product&#038;p=14883"},"modified":"2026-04-05T06:19:55","modified_gmt":"2026-04-05T06:19:55","slug":"oks-270-white-grease-paste-250g-tin","status":"publish","type":"product","link":"https:\/\/schmier.at\/index.php\/product\/oks-270-white-grease-paste-250g-tin\/","title":{"rendered":"OKS 270 wei\u00dfe Fettpaste 250g Dose"},"content":{"rendered":"<div>OKS 270 ist eine Fettpaste zur Langzeitschmierung hochdruckbeanspruchter Gleitfl\u00e4chen<\/p>\n<p><strong>Anwendungsbereich<\/strong><\/p>\n<ul>\n<li>Schmierung schmutzempfindlicher Gleitstellen in Mechanismen<\/li>\n<li>Baugruppenschmierung mit gro\u00dfem Schmierstoffreservoir, z.B. Spannfutter, bei denen eine erg\u00e4nzende Nachschmierung in l\u00e4ngeren Abst\u00e4nden mit Fettpressen m\u00f6glich ist<\/li>\n<li>Hervorragend geeignet f\u00fcr schmutzfreie Montage und Langzeitschmierung<\/li>\n<\/ul>\n<p><strong>Eigenschaften<\/strong><\/p>\n<ul>\n<li>Hohe Wirksamkeit durch optimale Festschmierstoffkombination<\/li>\n<li>Geringer Verbrauch durch Bildung hochwirksamer Schmierfilme<\/li>\n<li>Gutes Korrosionsschutzverhalten<\/li>\n<\/ul>\n<p><strong>Technische Daten<\/strong><\/p>\n<ul>\n<li>Betriebstemperatur\u00a0-25\u00a0\u00b0C bis +125\u00a0\u00b0C<\/li>\n<li>Presspassung \u00b5 = 0,14, kein Rattern<\/li>\n<li>Vierkugelpr\u00fcfstand (Schwei\u00dflast)\u00a05.000 N<\/li>\n<li>Gewindereibung (M10\/8,8)\u00a0\u00b5 = 0,09<\/li>\n<li>Inhalt 250g<\/li>\n<li>Zinn<\/li>\n<\/ul>\n<p><strong>Branchen<\/strong><\/p>\n<ul>\n<li>Schienenfahrzeugtechnik<\/li>\n<li>Kommunale Dienstleistungen<\/li>\n<li>Eisen- und Stahlindustrie<\/li>\n<li>Gummi- und Kunststoffverarbeitung<\/li>\n<li>Logistik<\/li>\n<li>Papier- und Verpackungsindustrie<\/li>\n<li>Chemische Industrie<\/li>\n<li>Schiffbau und Meerestechnik<\/li>\n<li>Anlagen- und Maschinenbau (Werkzeugbau).<\/li>\n<li>Glas- und Gie\u00dfereiindustrie<\/li>\n<\/ul>\n<p><img decoding=\"async\" alt=\"friction bearings\" src=\"https:\/\/eurohandler.com\/wp-content\/uploads\/pmedia\/IDc7368111ad_DESC_01.jpg\" style=\"height: 100px;border-style: solid;float: left;font-family: arial, helvetica, sans-serif;font-size: 11px;margin: 0px 3px 3px 0px;padding: 0px;width: 80px\" title=\"friction bearings\"><img decoding=\"async\" alt=\"pivot bearings\" src=\"https:\/\/eurohandler.com\/wp-content\/uploads\/pmedia\/IDc7368111ad_DESC_02.jpg\" style=\"height: 100px;border-style: solid;float: left;font-family: arial, helvetica, sans-serif;font-size: 11px;margin: 0px 3px 3px 0px;padding: 0px;width: 80px\" title=\"pivot bearings\"><img decoding=\"async\" alt=\"levers\" src=\"https:\/\/eurohandler.com\/wp-content\/uploads\/pmedia\/IDc7368111ad_DESC_03.jpg\" style=\"height: 100px;border-style: solid;float: left;font-family: arial, helvetica, sans-serif;font-size: 11px;margin: 0px 3px 3px 0px;padding: 0px;width: 80px\" title=\"levers\"><img decoding=\"async\" alt=\"sliding guides\" src=\"https:\/\/eurohandler.com\/wp-content\/uploads\/pmedia\/IDc7368111ad_DESC_04.jpg\" style=\"height: 100px;border-style: solid;float: left;font-family: arial, helvetica, sans-serif;font-size: 11px;margin: 0px 3px 3px 0px;padding: 0px;width: 80px\" title=\"sliding guides\"><img decoding=\"async\" alt=\"linear guidance systems\" src=\"https:\/\/eurohandler.com\/wp-content\/uploads\/pmedia\/IDc7368111ad_DESC_05.jpg\" style=\"height: 100px;border-style: solid;float: left;font-family: arial, helvetica, sans-serif;font-size: 11px;margin: 0px 3px 3px 0px;padding: 0px;width: 80px\" title=\"linear guidance systems\"><img decoding=\"async\" alt=\"spindles\" src=\"https:\/\/eurohandler.com\/wp-content\/uploads\/pmedia\/IDc7368111ad_DESC_06.jpg\" style=\"height: 100px;border-style: solid;float: left;font-family: arial, helvetica, sans-serif;font-size: 11px;margin: 0px 3px 3px 0px;padding: 0px;width: 80px\" title=\"spindles\"><img decoding=\"async\" alt=\"splined shafts\" src=\"https:\/\/eurohandler.com\/wp-content\/uploads\/pmedia\/IDc7368111ad_DESC_07.jpg\" style=\"height: 100px;border-style: solid;float: left;font-family: arial, helvetica, sans-serif;font-size: 11px;margin: 0px 3px 3px 0px;padding: 0px;width: 80px\" title=\"splined shafts\"><img decoding=\"async\" alt=\"hinges\" src=\"https:\/\/eurohandler.com\/wp-content\/uploads\/pmedia\/IDc7368111ad_DESC_08.jpg\" style=\"height: 100px;border-style: solid;float: left;font-family: arial, helvetica, sans-serif;font-size: 11px;margin: 0px 3px 3px 0px;padding: 0px;width: 80px\" title=\"hinges\"><img decoding=\"async\" alt=\"pressure loading\" src=\"https:\/\/eurohandler.com\/wp-content\/uploads\/pmedia\/IDc7368111ad_DESC_09.jpg\" style=\"height: 100px;border-style: solid;float: left;font-family: arial, helvetica, sans-serif;font-size: 11px;margin: 0px 3px 3px 0px;padding: 0px;width: 80px\" title=\"pressure loading\"><img decoding=\"async\" alt=\"water resistant\" src=\"https:\/\/eurohandler.com\/wp-content\/uploads\/pmedia\/IDc7368111ad_DESC_10.jpg\" style=\"height: 100px;border-style: solid;float: left;font-family: arial, helvetica, sans-serif;font-size: 11px;margin: 0px 3px 3px 0px;padding: 0px;width: 80px\" title=\"Influence de l'eau\"><\/p>\n<p>\u00a0<\/p>\n<hr>\n<h5 style='font-family: \"Helvetica Neue\", Helvetica, Arial, sans-serif'>Gefahreninformationen (CLP)<\/h5>\n<h3 style='font-family: \"Helvetica Neue\", Helvetica, Arial, sans-serif'><img decoding=\"async\" alt=\"\" src=\"https:\/\/eurohandler.com\/wp-content\/uploads\/pmedia\/IDc7368111ad_DESC_11.jpg\" style=\"height: 100px;width: 100px\"><\/h3>\n<p><b>Signalwort:<\/b>\u00a0Warnung<\/p>\n<h5 style='font-family: \"Helvetica Neue\", Helvetica, Arial, sans-serif'>Gefahrenhinweise (H-S\u00e4tze)<\/h5>\n<ul>\n<li>H316: Verursacht leichte Hautreizungen.<\/li>\n<li>H361f: Kann vermutlich die Fruchtbarkeit beeintr\u00e4chtigen.<\/li>\n<li>H400: Sehr giftig f\u00fcr Wasserorganismen.<\/li>\n<li>H412: Sch\u00e4dlich f\u00fcr Wasserorganismen, mit langfristiger Wirkung.<\/li>\n<\/ul>\n<h5 style='font-family: \"Helvetica Neue\", Helvetica, Arial, sans-serif'>Pr\u00e4vention (P-S\u00e4tze)<\/h5>\n<ul>\n<li>P201: Vor Gebrauch besondere Anweisungen einholen.<\/li>\n<li>P273: Freisetzung in die Umwelt vermeiden.<\/li>\n<li>P280: Schutzhandschuhe\/Schutzkleidung\/Augenschutz\/Gesichtsschutz tragen.<\/li>\n<\/ul>\n<h5 style='font-family: \"Helvetica Neue\", Helvetica, Arial, sans-serif'>Antwort<\/h5>\n<ul>\n<li>P308 + P313: BEI Exposition oder falls besorgt: \u00c4rztlichen Rat einholen\/\u00e4rztliche Hilfe hinzuziehen.<\/li>\n<li>P391: Versch\u00fcttete Mengen auffangen.<\/li>\n<\/ul>\n<h5 style='font-family: \"Helvetica Neue\", Helvetica, Arial, sans-serif'>Lagerung<\/h5>\n<ul>\n<li>P405: Unter Verschluss aufbewahren.<\/li>\n<\/ul>\n<h5 style='font-family: \"Helvetica Neue\", Helvetica, Arial, sans-serif'>Gef\u00e4hrliche Komponenten<\/h5>\n<ul>\n<li>Tris(methylphenyl)phosphat<\/li>\n<\/ul>\n<p>\u00a0<\/p>\n<legend>Informationen zur Produktsicherheit (Hersteller, Kontakt)<\/legend>\n<p>OKS Spezialschmierstoffe GmbH, Ganghoferstr. 47, D-82216 Maisach-Gernlinden, +49 8142 3051 500,<a class=\"__cf_email__\" data-cfemail=\"e48d8a828ba48b8f97c983819689858a9dca878b89\" href=\"https:\/\/eurohandler.com\/\">[email\u00a0gesch\u00fctzt]<\/a>, www.oks-Germany.com<\/p>\n<\/div>\n","protected":false},"excerpt":{"rendered":"<p>OKS 270 ist eine Fettpaste zur Langzeitschmierung hochdruckbeanspruchter Gleitfl\u00e4chen Anwendungsbereich Schmierung schmutzempfindlicher Gleitstellen in Mechanismen Baugruppenschmierung mit gro\u00dfem Schmierstoffreservoir, z.B. Spannfutter, bei denen eine erg\u00e4nzende Nachschmierung in l\u00e4ngeren Abst\u00e4nden mit Fettpressen m\u00f6glich ist Hervorragend geeignet f\u00fcr schmutzfreie Montage und Langzeitschmierung Eigenschaften Hohe Wirksamkeit durch optimale Festschmierstoffkombination Geringer Verbrauch durch Bildung hochwirksamer Schmierfilme Gutes Korrosionsschutzverhalten Technische [&hellip;]<\/p>\n","protected":false},"featured_media":14913,"comment_status":"open","ping_status":"closed","template":"","meta":[],"product_brand":[],"product_cat":[220],"product_tag":[],"class_list":{"0":"post-14883","1":"product","2":"type-product","3":"status-publish","4":"has-post-thumbnail","6":"product_cat-oks-assembly-pastes","8":"first","9":"instock","10":"shipping-taxable","11":"purchasable","12":"product-type-variable"},"jetpack_sharing_enabled":true,"_links":{"self":[{"href":"https:\/\/schmier.at\/index.php\/wp-json\/wp\/v2\/product\/14883","targetHints":{"allow":["GET"]}}],"collection":[{"href":"https:\/\/schmier.at\/index.php\/wp-json\/wp\/v2\/product"}],"about":[{"href":"https:\/\/schmier.at\/index.php\/wp-json\/wp\/v2\/types\/product"}],"replies":[{"embeddable":true,"href":"https:\/\/schmier.at\/index.php\/wp-json\/wp\/v2\/comments?post=14883"}],"wp:featuredmedia":[{"embeddable":true,"href":"https:\/\/schmier.at\/index.php\/wp-json\/wp\/v2\/media\/14913"}],"wp:attachment":[{"href":"https:\/\/schmier.at\/index.php\/wp-json\/wp\/v2\/media?parent=14883"}],"wp:term":[{"taxonomy":"product_brand","embeddable":true,"href":"https:\/\/schmier.at\/index.php\/wp-json\/wp\/v2\/product_brand?post=14883"},{"taxonomy":"product_cat","embeddable":true,"href":"https:\/\/schmier.at\/index.php\/wp-json\/wp\/v2\/product_cat?post=14883"},{"taxonomy":"product_tag","embeddable":true,"href":"https:\/\/schmier.at\/index.php\/wp-json\/wp\/v2\/product_tag?post=14883"}],"curies":[{"name":"wp","href":"https:\/\/api.w.org\/{rel}","templated":true}]}}