{"id":7735,"date":"2026-03-24T16:27:28","date_gmt":"2026-03-24T16:27:28","guid":{"rendered":"https:\/\/schmier.at\/?post_type=product&#038;p=7735"},"modified":"2026-03-25T15:05:29","modified_gmt":"2026-03-25T15:05:29","slug":"kluberfood-nh1-4-220-n-spray-lubricating-oil-for-food-industry-400ml-2","status":"publish","type":"product","link":"https:\/\/schmier.at\/index.php\/product\/kluberfood-nh1-4-220-n-spray-lubricating-oil-for-food-industry-400ml-2\/","title":{"rendered":"Kl\u00fcberfood NH1 4-220 N Spray Schmier\u00f6l f\u00fcr die Lebensmittelindustrie 400 ml"},"content":{"rendered":"<div>\n<h5>Kl\u00fcberfood NH1 4-220 N Spray Synthetisches Spezialschmier\u00f6l f\u00fcr die Lebensmittel- und Pharmaindustrie | Nr. 081299<\/h5>\n<ul>\n<li>Kl\u00fcberfood NH1 4-220 N ist ein Schmier\u00f6l auf Basis synthetischer Kohlenwasserstoffe f\u00fcr die Lebensmittel- und Pharmaindustrie. Dieses synthetische Schmier\u00f6l sch\u00fctzt vor Korrosion und weist gute Verschlei\u00dfschutzeigenschaften auf.<\/li>\n<li>Kl\u00fcberfood NH1 4-220 N ist NSF H1 registriert und entspricht somit FDA 21 CFR \u00a7 178.3570. Der Schmierstoff wurde f\u00fcr den gelegentlichen Kontakt mit Produkten und Verpackungsmaterialien in der Lebensmittel-, Kosmetik-, Pharma- oder Tierfutterindustrie entwickelt.<\/li>\n<li>Temperaturbereich: -30\u00b0C bis +120\u00b0C\u00a0<\/li>\n<li>Inhalt: 400\u00a0ml Spr\u00fchdose<\/li>\n<\/ul>\n<h5>Vorteile f\u00fcr Ihre Bewerbung<\/h5>\n<ul>\n<li>Breites Anwendungsspektrum mit dem vielseitigen vollsynthetischen \u00d6l, einschlie\u00dflich Anwendungen wie Ketten und Schlitten<\/li>\n<li>Optimaler Penetrations- und Verschlei\u00dfschutz durch mittlere Grund\u00f6lviskosit\u00e4t<\/li>\n<li>NSF H1-registriert, was die Prozesszuverl\u00e4ssigkeit unterst\u00fctzt<\/li>\n<\/ul>\n<h5>Anwendung<\/h5>\n<ul>\n<li>Kl\u00fcberfood NH1 4-220 N Spray wird in der Lebensmittel- und Pharmaindustrie an allen Reibungsstellen eingesetzt, bei denen ein zuf\u00e4lliger Kontakt mit dem Lebensmittelprodukt nicht ausgeschlossen werden kann. Geeignet zur Schmierung von Spindeln, Gelenken und Ketten.<\/li>\n<li>Kl\u00fcberfood NH1 4-220 N Spray sch\u00fctzt Bauteile aus Spezialstahl. Bitte nicht in geschlossenen R\u00e4umen, beispielsweise Schaltschr\u00e4nken, spr\u00fchen.<\/li>\n<\/ul>\n<h5>Anwendungshinweise<\/h5>\n<ul>\n<li>Kl\u00fcberfood NH1 4-220 N Spray ist mit Mineral\u00f6l und synthetischen Kohlenwasserstoffen mischbar. Wir empfehlen jedoch, es nicht mit herk\u00f6mmlichen Schmierstoffen zu mischen, um die Lebensmittelqualit\u00e4t beizubehalten.<\/li>\n<li>Produkt vor direkter Sonneneinstrahlung und Temperaturen \u00fcber 50\u00b0C sch\u00fctzen.<\/li>\n<\/ul>\n<h5>Technische Spezifikationen<\/h5>\n<table border=\"2\" cellpadding=\"2\" cellspacing=\"2\" style=\"width:700px\">\n<tbody>\n<tr>\n<td>\u00a0Chemische Zusammensetzung, \u00d6lsorte<\/td>\n<td>\u00a0Ester\u00f6l<\/td>\n<\/tr>\n<tr>\n<td>\u00a0Chemische Zusammensetzung, \u00d6lsorte<\/td>\n<td>\u00a0synthetisches Kohlenwasserstoff\u00f6l<\/td>\n<\/tr>\n<tr>\n<td>\u00a0Niedrigere Betriebstemperatur<\/td>\n<td>\u00a0-30 \u00b0C \/ -22 \u00b0F<\/td>\n<\/tr>\n<tr>\n<td>\u00a0Obere Betriebstemperatur<\/td>\n<td>\u00a0120 \u00b0C \/ 248 \u00b0F<\/td>\n<\/tr>\n<tr>\n<td>\u00a0Farbraum<\/td>\n<td>\u00a0Gelb<\/td>\n<\/tr>\n<tr>\n<td>\u00a0Kinematische Viskosit\u00e4t, DIN 51562 Pkt. 01\/ASTM D-445\/ASTM D 7042, 40 \u00b0C<\/td>\n<td>\u00a0ca. 220 mm\u00b2\/s<\/td>\n<\/tr>\n<tr>\n<td>\u00a0Kinematische Viskosit\u00e4t, DIN 51562 Pkt. 01\/ASTM D-445\/ASTM D 7042, 100 \u00b0C<\/td>\n<td>\u00a0ca. 26 mm\u00b2\/s<\/td>\n<\/tr>\n<tr>\n<td>\u00a0Viskosit\u00e4tsindex, DIN ISO 2909<\/td>\n<td>\u00a0&gt;= 140<\/td>\n<\/tr>\n<tr>\n<td>\u00a0ISO-Viskosit\u00e4tsklasse, DIN ISO 3448<\/td>\n<td>\u00a0220<\/td>\n<\/tr>\n<tr>\n<td>\u00a0Mindesthaltbarkeit ab Herstellungsdatum \u2013 an einem trockenen, frostfreien Ort und im unge\u00f6ffneten Originalgebinde ca.<\/td>\n<td>\u00a036 Monate<\/td>\n<\/tr>\n<\/tbody>\n<\/table>\n<hr>\n<h5>Gefahreninformationen (CLP)<\/h5>\n<p><img decoding=\"async\" alt=\"\" src=\"https:\/\/eurohandler.com\/wp-content\/uploads\/pmedia\/IDfb760065ae_DESC_01.jpg\" style=\"height: 100px;width: 100px\">\u00a0<img decoding=\"async\" alt=\"\" src=\"https:\/\/eurohandler.com\/wp-content\/uploads\/pmedia\/IDfb760065ae_DESC_02.jpg\" style=\"height: 100px;width: 100px\"><\/p>\n<p><b>Signalwort:<\/b>Gefahr.<\/p>\n<h5>Gefahrenhinweise (H-S\u00e4tze)<\/h5>\n<ul>\n<li>H222: Extrem entz\u00fcndliches Aerosol.<\/li>\n<li>H229: Beh\u00e4lter steht unter Druck: Kann bei Erw\u00e4rmung platzen.<\/li>\n<li>H411: Giftig f\u00fcr Wasserorganismen, mit langfristiger Wirkung.<\/li>\n<\/ul>\n<h5>Sicherheitshinweise (P-S\u00e4tze)<\/h5>\n<h6>Verh\u00fctung:<\/h6>\n<ul>\n<li>P210: Von Hitze, hei\u00dfen Oberfl\u00e4chen, Funken, offenen Flammen und anderen Z\u00fcndquellen fernhalten. Rauchen verboten.<\/li>\n<li>P211: Nicht gegen offene Flamme oder andere Z\u00fcndquelle spr\u00fchen.<\/li>\n<li>P251: Nicht durchstechen oder verbrennen, auch nicht nach Gebrauch.<\/li>\n<li>P273: Freisetzung in die Umwelt vermeiden.<\/li>\n<\/ul>\n<h6>Lagerung:<\/h6>\n<ul>\n<li>P410 + P412: Vor Sonneneinstrahlung sch\u00fctzen. Nicht Temperaturen \u00fcber 50 \u00b0C\/122 \u00b0F aussetzen.<\/li>\n<\/ul>\n<div class=\"alert alert-warning\"><button class=\"close\" data-dismiss=\"alert\" type=\"button\">\u00d7<\/button>Gef\u00e4hrliche Materialien. Bei Versand nach: DE, AT, NL, GB, CH, CZ, IT, ES, FI, NO, BE, IE, RO, PL, FR, PT, LU, DK, LI, GR, SE, SK, BG, SI, CA, LT, EE, LV, HR, SA k\u00f6nnen die Versandkosten erh\u00f6ht werden.<\/div>\n<p>\u00a0<\/p>\n<legend>Informationen zur Produktsicherheit (Hersteller, Kontakt)<\/legend>\n<p>KL\u00dcBER LUBRICATION M\u00dcNCHEN GMBH &amp; CO. KG, Geisenhausenerstra\u00dfe 7, 81379 M\u00fcnchen, GERMANY, +49 89 7876 0,<a class=\"__cf_email__\" data-cfemail=\"224b4c444d62494e57474047500c414d4f\" href=\"https:\/\/eurohandler.com\/\">[email\u00a0gesch\u00fctzt]<\/a>, www.klueber.com<\/p>\n<\/div>\n<h3>Downloads<\/h3>\n<ul>\n<li><a href=\"https:\/\/eurohandler.com\/wp-content\/uploads\/pmedia\/IDfb760065ae_DL_01.pdf\" target=\"_blank\" rel=\"noopener\">kluberfood-nh1-4-220-n-spray-lubricating-oil-for-food-industry-datasheet.pdf<\/a><\/li>\n<\/ul>\n","protected":false},"excerpt":{"rendered":"<p>Kl\u00fcberfood NH1 4-220 N Spray Synthetisches Spezialschmier\u00f6l f\u00fcr die Lebensmittel- und Pharmaindustrie | Nr. 081299 Kl\u00fcberfood NH1 4-220 N ist ein Schmier\u00f6l auf Basis synthetischer Kohlenwasserstoffe f\u00fcr die Lebensmittel- und Pharmaindustrie. Dieses synthetische Schmier\u00f6l sch\u00fctzt vor Korrosion und weist gute Verschlei\u00dfschutzeigenschaften auf. Kl\u00fcberfood NH1 4-220 N ist NSF H1 registriert und entspricht somit FDA 21 [&hellip;]<\/p>\n","protected":false},"featured_media":7765,"comment_status":"open","ping_status":"closed","template":"","meta":[],"product_brand":[],"product_cat":[77],"product_tag":[],"class_list":{"0":"post-7735","1":"product","2":"type-product","3":"status-publish","4":"has-post-thumbnail","6":"product_cat-kluber-sprays","8":"first","9":"instock","10":"shipping-taxable","11":"purchasable","12":"product-type-variable"},"jetpack_sharing_enabled":true,"_links":{"self":[{"href":"https:\/\/schmier.at\/index.php\/wp-json\/wp\/v2\/product\/7735","targetHints":{"allow":["GET"]}}],"collection":[{"href":"https:\/\/schmier.at\/index.php\/wp-json\/wp\/v2\/product"}],"about":[{"href":"https:\/\/schmier.at\/index.php\/wp-json\/wp\/v2\/types\/product"}],"replies":[{"embeddable":true,"href":"https:\/\/schmier.at\/index.php\/wp-json\/wp\/v2\/comments?post=7735"}],"wp:featuredmedia":[{"embeddable":true,"href":"https:\/\/schmier.at\/index.php\/wp-json\/wp\/v2\/media\/7765"}],"wp:attachment":[{"href":"https:\/\/schmier.at\/index.php\/wp-json\/wp\/v2\/media?parent=7735"}],"wp:term":[{"taxonomy":"product_brand","embeddable":true,"href":"https:\/\/schmier.at\/index.php\/wp-json\/wp\/v2\/product_brand?post=7735"},{"taxonomy":"product_cat","embeddable":true,"href":"https:\/\/schmier.at\/index.php\/wp-json\/wp\/v2\/product_cat?post=7735"},{"taxonomy":"product_tag","embeddable":true,"href":"https:\/\/schmier.at\/index.php\/wp-json\/wp\/v2\/product_tag?post=7735"}],"curies":[{"name":"wp","href":"https:\/\/api.w.org\/{rel}","templated":true}]}}