{"id":7736,"date":"2026-03-24T16:27:28","date_gmt":"2026-03-24T16:27:28","guid":{"rendered":"https:\/\/schmier.at\/?post_type=product&#038;p=7736"},"modified":"2026-03-25T15:05:41","modified_gmt":"2026-03-25T15:05:41","slug":"kluberfood-nh1-k-32-anticorrosion-lubricant-for-food-industry-400ml-2","status":"publish","type":"product","link":"https:\/\/schmier.at\/index.php\/product\/kluberfood-nh1-k-32-anticorrosion-lubricant-for-food-industry-400ml-2\/","title":{"rendered":"Kl\u00fcberfood NH1 K 32 Korrosionsschutzschmierstoff f\u00fcr die Lebensmittelindustrie 400 ml"},"content":{"rendered":"<div>\n<h5>Kl\u00fcberfood NH1 K 32 Korrosionsschutzschmierstoff f\u00fcr die Lebensmittel- und Pharmaindustrie | Nr.\u00a0047079<\/h5>\n<ul>\n<li>Kl\u00fcberfood NH1 K 32 ist ein transparenter \u201efettartiger\u201c Korrosionsschutzfilm zum Schutz von Eisenmetallen. Dieser Spezialschmierstoff wurde speziell f\u00fcr die Anforderungen der Lebensmittelindustrie entwickelt.<\/li>\n<li>Kl\u00fcberfood NH1 K 32 ist NSF H1 registriert und entspricht somit FDA 21 CFR \u00a7 178.3570. Der Schmierstoff wurde f\u00fcr den gelegentlichen Kontakt mit Produkten und Verpackungsmaterialien in der Lebensmittel-, Kosmetik-, Pharma- oder Tierfutterindustrie entwickelt. Der Einsatz von Kl\u00fcberfood NH1 K 32 kann zur Erh\u00f6hung der Zuverl\u00e4ssigkeit Ihrer Produktionsprozesse beitragen.<\/li>\n<li>Temperaturbereich: 0\u00b0C bis +80\u00b0C\u00a0<\/li>\n<li>Inhalt: 400 ml Spr\u00fchdose<\/li>\n<\/ul>\n<h5>Vorteile f\u00fcr Ihre Bewerbung<\/h5>\n<ul>\n<li>Guter Korrosionsschutz f\u00fcr Nassbereiche, die h\u00e4ufig abgewaschen werden<\/li>\n<li>Weist Feuchtigkeit ab und erh\u00f6ht so den Schutz von Stahloberfl\u00e4chen und die Korrosionsbest\u00e4ndigkeit<\/li>\n<li>NSF H1-registriert, was die Prozesszuverl\u00e4ssigkeit unterst\u00fctzt<\/li>\n<\/ul>\n<h5>Anwendung<\/h5>\n<ul>\n<li>Kl\u00fcberfood NH1 K 32 ist f\u00fcr die Schmierung von Anwendungsbereichen konzipiert, bei denen ein technisch unvermeidbarer Kontakt mit dem Lebensmittelprodukt auftreten kann.<\/li>\n<li>Beim Auftragen auf Metallteile bildet sich ein homogener, eindringender Film, der Feuchtigkeit abweist.<\/li>\n<\/ul>\n<h5>Anwendungshinweise<\/h5>\n<ul>\n<li>Um eine optimale Oberfl\u00e4chenkonservierung zu gew\u00e4hrleisten, tragen Sie einen d\u00fcnnen, gleichm\u00e4\u00dfigen Film auf, um sicherzustellen, dass alle Bereiche gleichm\u00e4\u00dfig beschichtet sind. Kl\u00fcberfood NH1 K 32 kann mit Pinsel oder Spritzpistole aufgetragen werden.<\/li>\n<\/ul>\n<h5>Technische Spezifikationen<\/h5>\n<table border=\"2\" cellpadding=\"2\" cellspacing=\"2\" style=\"width:700px\">\n<tbody>\n<tr>\n<td>\u00a0Aussehen<\/td>\n<td>\u00a0tr\u00fcbe<\/td>\n<\/tr>\n<tr>\n<td>\u00a0Niedrigere Betriebstemperatur<\/td>\n<td>\u00a00 \u00b0C \/ 32 \u00b0F<\/td>\n<\/tr>\n<tr>\n<td>\u00a0Obere Betriebstemperatur<\/td>\n<td>\u00a080 \u00b0C \/ 176 \u00b0F<\/td>\n<\/tr>\n<tr>\n<td>\u00a0Dichte bei 20 \u00b0C<\/td>\n<td>\u00a00,81 g\/cm\u00b3<\/td>\n<\/tr>\n<tr>\n<td>\u00a0Korrosionsschutzverhalten, DIN EN ISO 6270-2, Kondenswasser in Wechselatmosph\u00e4re, 40 \u00b0C, Werkstoff Stahl ST 37, Korrosion nach<\/td>\n<td>\u00a0&gt;= 40 Zyklen<\/td>\n<\/tr>\n<tr>\n<td>\u00a0Mindesthaltbarkeit ab Herstellungsdatum \u2013 an einem trockenen, frostfreien Ort und im unge\u00f6ffneten Originalgebinde ca.<\/td>\n<td>\u00a024 Monate<\/td>\n<\/tr>\n<\/tbody>\n<\/table>\n<hr>\n<h5>Gefahreninformationen (CLP)<\/h5>\n<p><img decoding=\"async\" alt=\"Flame\" src=\"https:\/\/eurohandler.com\/wp-content\/uploads\/pmedia\/ID52e4813567_DESC_01.jpg\" style=\"width: 100px;height: 100px\"><\/p>\n<p><b>Signalwort:<\/b>Gefahr<\/p>\n<h5>Gefahrenhinweise (H-Sets)<\/h5>\n<ul>\n<li>H222: Extrem entz\u00fcndliches Aerosol.<\/li>\n<li>H229: Beh\u00e4lter steht unter Druck: Kann bei Erhitzung platzen.<\/li>\n<\/ul>\n<h5>Sicherheitshinweise (P-Sets)<\/h5>\n<h6>Verh\u00fctung:<\/h6>\n<ul>\n<li>P210: Von Hitze, hei\u00dfen Oberfl\u00e4chen, Funken, offenen Flammen und anderen Z\u00fcndquellen fernhalten. Rauchen verboten.<\/li>\n<li>P211: Nicht gegen offene Flamme oder andere Z\u00fcndquelle spr\u00fchen.<\/li>\n<li>P251: Nicht durchstechen oder verbrennen, auch nicht nach Gebrauch.<\/li>\n<\/ul>\n<h6>Lagerung:<\/h6>\n<ul>\n<li>P410 + P412: Vor Sonnenlicht sch\u00fctzen und keinen Temperaturen \u00fcber 50\u00b0C\/122\u00b0F aussetzen.<\/li>\n<\/ul>\n<div class=\"alert alert-warning\"><button class=\"close\" data-dismiss=\"alert\" type=\"button\">\u00d7<\/button>Gef\u00e4hrliche Materialien. Bei Versand nach: DE, AT, NL, GB, CH, CZ, IT, ES, FI, NO, BE, IE, RO, PL, FR, PT, LU, DK, LI, GR, SE, SK, BG, SI, CA, LT, EE, LV, HR, SA k\u00f6nnen die Versandkosten erh\u00f6ht werden.<\/div>\n<p>\u00a0<\/p>\n<legend>Informationen zur Produktsicherheit (Hersteller, Kontakt)<\/legend>\n<p>KL\u00dcBER LUBRICATION M\u00dcNCHEN GMBH &amp; CO. KG, Geisenhausenerstra\u00dfe 7, 81379 M\u00fcnchen, GERMANY, +49 89 7876 0,<a class=\"__cf_email__\" data-cfemail=\"177e797178577c7b62727572653974787a\" href=\"https:\/\/eurohandler.com\/\">[email\u00a0gesch\u00fctzt]<\/a>, www.klueber.com<\/p>\n<\/div>\n<h3>Downloads<\/h3>\n<ul>\n<li><a href=\"https:\/\/eurohandler.com\/wp-content\/uploads\/pmedia\/ID52e4813567_DL_01.pdf\" target=\"_blank\" rel=\"noopener\">kluberfood-nh1-k-32-anticorrosion-lubricant-for-the-food-industry-datasheet.pdf<\/a><\/li>\n<\/ul>\n","protected":false},"excerpt":{"rendered":"<p>Kl\u00fcberfood NH1 K 32 Korrosionsschutzschmierstoff f\u00fcr die Lebensmittel- und Pharmaindustrie | Nr.\u00a0047079 Kl\u00fcberfood NH1 K 32 ist ein transparenter \u201efettartiger\u201c Korrosionsschutzfilm zum Schutz von Eisenmetallen. Dieser Spezialschmierstoff wurde speziell f\u00fcr die Anforderungen der Lebensmittelindustrie entwickelt. Kl\u00fcberfood NH1 K 32 ist NSF H1 registriert und entspricht somit FDA 21 CFR \u00a7 178.3570. Der Schmierstoff wurde f\u00fcr [&hellip;]<\/p>\n","protected":false},"featured_media":7766,"comment_status":"open","ping_status":"closed","template":"","meta":[],"product_brand":[],"product_cat":[77],"product_tag":[],"class_list":{"0":"post-7736","1":"product","2":"type-product","3":"status-publish","4":"has-post-thumbnail","6":"product_cat-kluber-sprays","8":"first","9":"instock","10":"shipping-taxable","11":"purchasable","12":"product-type-variable"},"jetpack_sharing_enabled":true,"_links":{"self":[{"href":"https:\/\/schmier.at\/index.php\/wp-json\/wp\/v2\/product\/7736","targetHints":{"allow":["GET"]}}],"collection":[{"href":"https:\/\/schmier.at\/index.php\/wp-json\/wp\/v2\/product"}],"about":[{"href":"https:\/\/schmier.at\/index.php\/wp-json\/wp\/v2\/types\/product"}],"replies":[{"embeddable":true,"href":"https:\/\/schmier.at\/index.php\/wp-json\/wp\/v2\/comments?post=7736"}],"wp:featuredmedia":[{"embeddable":true,"href":"https:\/\/schmier.at\/index.php\/wp-json\/wp\/v2\/media\/7766"}],"wp:attachment":[{"href":"https:\/\/schmier.at\/index.php\/wp-json\/wp\/v2\/media?parent=7736"}],"wp:term":[{"taxonomy":"product_brand","embeddable":true,"href":"https:\/\/schmier.at\/index.php\/wp-json\/wp\/v2\/product_brand?post=7736"},{"taxonomy":"product_cat","embeddable":true,"href":"https:\/\/schmier.at\/index.php\/wp-json\/wp\/v2\/product_cat?post=7736"},{"taxonomy":"product_tag","embeddable":true,"href":"https:\/\/schmier.at\/index.php\/wp-json\/wp\/v2\/product_tag?post=7736"}],"curies":[{"name":"wp","href":"https:\/\/api.w.org\/{rel}","templated":true}]}}