{"id":7738,"date":"2026-03-24T16:27:28","date_gmt":"2026-03-24T16:27:28","guid":{"rendered":"https:\/\/schmier.at\/?post_type=product&#038;p=7738"},"modified":"2026-03-25T15:06:06","modified_gmt":"2026-03-25T15:06:06","slug":"kluberfood-nk1-z-8-001-degreaser-for-the-food-industrie-400ml-2","status":"publish","type":"product","link":"https:\/\/schmier.at\/index.php\/product\/kluberfood-nk1-z-8-001-degreaser-for-the-food-industrie-400ml-2\/","title":{"rendered":"Kl\u00fcberfood NK1 Z 8-001 Entfetter f\u00fcr die Lebensmittelindustrie 400ml"},"content":{"rendered":"<div>Reiniger\/Entfetter f\u00fcr die Lebensmittel- und Pharmaindustrie<br \/>Kl\u00fcberfood NK1 Z 8-001 Spray ist ein organischer L\u00f6semittelreiniger. NSF K1- und NSF K3-registriert (Registrierungsnummer 143557) f\u00fcr Anwendungen in der Lebensmittel- und Pharmaindustrie.<\/p>\n<p><strong>Vorteile f\u00fcr Ihre Bewerbung<\/strong><\/p>\n<ul>\n<li>Schnelle und gr\u00fcndliche Entfernung von \u00d6len, Fetten, Wachsen und Harzr\u00fcckst\u00e4nden<\/li>\n<li>NSF K1- und NSF K3-registriert f\u00fcr Anwendungen in der Lebensmittel- und Pharmaindustrie<\/li>\n<li>Einfache Spr\u00fchanwendung<\/li>\n<\/ul>\n<hr>\n<h5>Gefahreninformationen (CLP)<\/h5>\n<p><img decoding=\"async\" alt=\"Flame\" src=\"https:\/\/eurohandler.com\/wp-content\/uploads\/pmedia\/ID6ffe96f89f_DESC_01.jpg\" style=\"width: 100px;height: 100px\"><img decoding=\"async\" alt=\"\" src=\"https:\/\/eurohandler.com\/wp-content\/uploads\/pmedia\/ID6ffe96f89f_DESC_02.jpg\" style=\"width: 100px;height: 100px\"><img decoding=\"async\" alt=\"Health Hazard\" src=\"https:\/\/eurohandler.com\/wp-content\/uploads\/pmedia\/ID6ffe96f89f_DESC_03.jpg\" style=\"width: 100px;height: 100px\"><\/p>\n<p><b>Signalwort:<\/b>Gefahr<\/p>\n<h5>Gefahrenhinweise (H-Sets)<\/h5>\n<ul>\n<li>H222: Extrem entz\u00fcndliches Aerosol.<\/li>\n<li>H229: Beh\u00e4lter steht unter Druck: Kann bei Erhitzung platzen.<\/li>\n<li>H304: Kann bei Verschlucken und Eindringen in die Atemwege t\u00f6dlich sein.<\/li>\n<li>H336: Kann Schl\u00e4frigkeit und Benommenheit verursachen.<\/li>\n<li>H412: Sch\u00e4dlich f\u00fcr Wasserorganismen, mit langfristiger Wirkung.<\/li>\n<\/ul>\n<h5>Zus\u00e4tzliche Gefahreninformationen<\/h5>\n<ul>\n<li>Wiederholter Kontakt kann zu trockener oder rissiger Haut f\u00fchren.<\/li>\n<\/ul>\n<h5>Sicherheitshinweise (P-Sets)<\/h5>\n<h6>Verh\u00fctung:<\/h6>\n<ul>\n<li>P210: Von Hitze, hei\u00dfen Oberfl\u00e4chen, Funken, offenen Flammen und anderen Z\u00fcndquellen fernhalten. Rauchen verboten.<\/li>\n<li>P211: Nicht gegen offene Flamme oder andere Z\u00fcndquelle spr\u00fchen.<\/li>\n<li>P251: Nicht durchstechen oder verbrennen, auch nicht nach Gebrauch.<\/li>\n<\/ul>\n<h6>Antwort:<\/h6>\n<ul>\n<li>P301 + P310: BEI VERSCHLUCKEN: Sofort Giftinformationszentrum\/Arzt anrufen.<\/li>\n<li>P331: KEIN Erbrechen herbeif\u00fchren.<\/li>\n<\/ul>\n<h6>Lagerung:<\/h6>\n<ul>\n<li>P410 + P412: Vor Sonnenlicht sch\u00fctzen und keinen Temperaturen \u00fcber 50\u00b0C\/122\u00b0F aussetzen.<\/li>\n<\/ul>\n<h5>Zus\u00e4tzliche Kennzeichnung<\/h5>\n<ul>\n<li>EUH208: Enth\u00e4lt (R)-p-Mentha-1,8-dien \u2013 Kann allergische Reaktionen hervorrufen.<\/li>\n<\/ul>\n<div class=\"alert alert-warning\"><button class=\"close\" data-dismiss=\"alert\" type=\"button\">\u00d7<\/button>Gef\u00e4hrliche Materialien. Bei Versand nach: DE, AT, NL, GB, CH, CZ, IT, ES, FI, NO, BE, IE, RO, PL, FR, PT, LU, DK, LI, GR, SE, SK, BG, SI, CA, LT, EE, LV, HR, SA k\u00f6nnen die Versandkosten erh\u00f6ht werden.<\/div>\n<p>\u00a0<\/p>\n<legend>Informationen zur Produktsicherheit (Hersteller, Kontakt)<\/legend>\n<p>KL\u00dcBER LUBRICATION M\u00dcNCHEN GMBH &amp; CO. KG, Geisenhausenerstra\u00dfe 7, 81379 M\u00fcnchen, GERMANY, +49 89 7876 0,<a class=\"__cf_email__\" data-cfemail=\"3a53545c557a51564f5f585f4814595557\" href=\"https:\/\/eurohandler.com\/\">[email\u00a0gesch\u00fctzt]<\/a>, www.klueber.com<\/p>\n<\/div>\n","protected":false},"excerpt":{"rendered":"<p>Reiniger\/Entfetter f\u00fcr die Lebensmittel- und PharmaindustrieKl\u00fcberfood NK1 Z 8-001 Spray ist ein organischer L\u00f6semittelreiniger. NSF K1- und NSF K3-registriert (Registrierungsnummer 143557) f\u00fcr Anwendungen in der Lebensmittel- und Pharmaindustrie. Vorteile f\u00fcr Ihre Bewerbung Schnelle und gr\u00fcndliche Entfernung von \u00d6len, Fetten, Wachsen und Harzr\u00fcckst\u00e4nden NSF K1- und NSF K3-registriert f\u00fcr Anwendungen in der Lebensmittel- und Pharmaindustrie Einfache [&hellip;]<\/p>\n","protected":false},"featured_media":7768,"comment_status":"open","ping_status":"closed","template":"","meta":[],"product_brand":[],"product_cat":[77],"product_tag":[],"class_list":{"0":"post-7738","1":"product","2":"type-product","3":"status-publish","4":"has-post-thumbnail","6":"product_cat-kluber-sprays","8":"first","9":"instock","10":"shipping-taxable","11":"purchasable","12":"product-type-variable"},"jetpack_sharing_enabled":true,"_links":{"self":[{"href":"https:\/\/schmier.at\/index.php\/wp-json\/wp\/v2\/product\/7738","targetHints":{"allow":["GET"]}}],"collection":[{"href":"https:\/\/schmier.at\/index.php\/wp-json\/wp\/v2\/product"}],"about":[{"href":"https:\/\/schmier.at\/index.php\/wp-json\/wp\/v2\/types\/product"}],"replies":[{"embeddable":true,"href":"https:\/\/schmier.at\/index.php\/wp-json\/wp\/v2\/comments?post=7738"}],"wp:featuredmedia":[{"embeddable":true,"href":"https:\/\/schmier.at\/index.php\/wp-json\/wp\/v2\/media\/7768"}],"wp:attachment":[{"href":"https:\/\/schmier.at\/index.php\/wp-json\/wp\/v2\/media?parent=7738"}],"wp:term":[{"taxonomy":"product_brand","embeddable":true,"href":"https:\/\/schmier.at\/index.php\/wp-json\/wp\/v2\/product_brand?post=7738"},{"taxonomy":"product_cat","embeddable":true,"href":"https:\/\/schmier.at\/index.php\/wp-json\/wp\/v2\/product_cat?post=7738"},{"taxonomy":"product_tag","embeddable":true,"href":"https:\/\/schmier.at\/index.php\/wp-json\/wp\/v2\/product_tag?post=7738"}],"curies":[{"name":"wp","href":"https:\/\/api.w.org\/{rel}","templated":true}]}}