{"id":7739,"date":"2026-03-24T16:27:28","date_gmt":"2026-03-24T16:27:28","guid":{"rendered":"https:\/\/schmier.at\/?post_type=product&#038;p=7739"},"modified":"2026-03-25T15:06:20","modified_gmt":"2026-03-25T15:06:20","slug":"kluberpaste-uh1-96-402-high-temp-paste-for-food-processing-400ml-spray","status":"publish","type":"product","link":"https:\/\/schmier.at\/index.php\/product\/kluberpaste-uh1-96-402-high-temp-paste-for-food-processing-400ml-spray\/","title":{"rendered":"Kl\u00fcberpaste UH1 96-402 Hochtemperaturpaste f\u00fcr die Lebensmittelverarbeitung 400 ml Spray"},"content":{"rendered":"<div>\n<h5 style=\"font-family:\">Kl\u00fcberpaste UH1 96-402 Spray Helle Hochtemperaturpaste f\u00fcr die Lebensmittel- und Pharmaindustrie | Nr.\u00a0081254<\/h5>\n<ul>\n<li>Kl\u00fcberpaste UH1 96-402 ist eine Hochtemperaturpaste f\u00fcr vielseitige Montagezwecke in hygienisch sensiblen Umgebungen. Es enth\u00e4lt vollsynthetische Grund\u00f6le und eine spezielle Mischung keramischer Festschmierstoffe.<\/li>\n<li>Im \u201enormalen\u201c Temperaturbereich bis ca. 160 \u00b0C, Kl\u00fcberpaste UH1 96-402 ist eine wasserbest\u00e4ndige Schmier- und Montagepaste mit guter Haftung auf Metallen.<\/li>\n<li>Bei dauerhaft h\u00f6heren Temperaturen bis 1200 \u00b0C bieten seine festen Schmierstoffpartikel Schutz vor Tribokorrosion oder Passungsrost.<\/li>\n<li><strong>Temperaturbereich: -30\u00b0C bis +1200\u00b0C\u00a0<\/strong><\/li>\n<li>Inhalt: 400 ml Spr\u00fchdose<\/li>\n<li>Auch erh\u00e4ltlich in: 600-g-Kartusche, 750-g-Dose, 30-kg-Eimer<\/li>\n<\/ul>\n<h5 style=\"font-family:\">Vorteile f\u00fcr Ihre Bewerbung<\/h5>\n<ul>\n<li>Zuverl\u00e4ssige Trockenschmierung bei Temperaturen von 200 \u00b0C bis 1200 \u00b0C<\/li>\n<li>Gute Haftung an der Reibstelle, auch bei Feuchtigkeitseinwirkung<\/li>\n<\/ul>\n<h5 style=\"font-family:\">Anwendungen<\/h5>\n<ul>\n<li>Kl\u00fcberpaste UH1 96-402\u00a0Spray eignet sich f\u00fcr vielf\u00e4ltige Reibstellen in Lebensmittel- und Pharmamaschinen, die hohen Belastungen ausgesetzt sind \u2013\n<ul>\n<li>als Montagepaste f\u00fcr \u00dcbergangs- und lose Passungen zur Vermeidung von Passungsrost<\/li>\n<li>als Paste f\u00fcr Schraubverbindungen auf Basis hochlegierter St\u00e4hle zur Optimierung des Anzugsdrehmoments und der Demontage, auch nach l\u00e4ngerer Betriebszeit<\/li>\n<li>als Langzeitschmiermittel f\u00fcr langsamlaufende F\u00fchrungsschienen, Scharniere, Rollen usw.<\/li>\n<\/ul>\n<\/li>\n<\/ul>\n<h5 style=\"font-family:\">Anwendungshinweise<\/h5>\n<ul>\n<li>Vor Gebrauch gut sch\u00fctteln. Beim Spr\u00fchen auf ausreichende Bel\u00fcftung achten, da sich explosionsf\u00e4hige Gemische bilden k\u00f6nnen.<\/li>\n<li>Nicht gegen offenes Feuer oder auf hei\u00dfe oder gl\u00fchende Gegenst\u00e4nde spr\u00fchen.<\/li>\n<li>Spray nicht in geschlossenen R\u00e4umen verwenden, z.B. Schaltschr\u00e4nke.<\/li>\n<li>Beachten Sie zus\u00e4tzliche Anwendungshinweise im Sicherheitsdatenblatt und auf dem Dosenetikett. Vor dem Auftragen von Kl\u00fcberpaste UH1 96-402 Spray sollten alle Schmierstellen gr\u00fcndlich gereinigt werden, z. Kl\u00fcberfood NK1 Z 8-001 Spray, um maximale Hygienebedingungen zu gew\u00e4hrleisten, zwingend erforderlich f\u00fcr lebensmittelechte H1-Schmierung. Produkt vor direkter Sonneneinstrahlung und Temperaturen \u00fcber 50 \u00b0C sch\u00fctzen.<\/li>\n<\/ul>\n<h5 style=\"font-family:\">Technische Spezifikationen<\/h5>\n<table border=\"2\" cellpadding=\"2\" cellspacing=\"2\" style=\"width:650px\">\n<tbody>\n<tr>\n<td>\u00a0Niedrigere Betriebstemperatur<\/td>\n<td>\u00a0-30 \u00b0C \/ -22 \u00b0F<\/td>\n<\/tr>\n<tr>\n<td>\u00a0Obere Betriebstemperatur<\/td>\n<td>\u00a01200 \u00b0C \/ 2192 \u00b0F<\/td>\n<\/tr>\n<tr>\n<td>\u00a0NLGI-Klassen, DIN 51818<\/td>\n<td>\u00a02<\/td>\n<\/tr>\n<tr>\n<td>\u00a0Kinematische Viskosit\u00e4t des Grund\u00f6ls, DIN 51562 Pkt. 01\/ASTM D-445\/ASTM D 7042, 40 \u00b0C<\/td>\n<td>\u00a0ca. 360 mm\u00b2\/s<\/td>\n<\/tr>\n<tr>\n<td>\u00a0Kinematische Viskosit\u00e4t des Grund\u00f6ls, DIN 51562 Pkt. 01\/ASTM D-445\/ASTM D 7042, 100 \u00b0C<\/td>\n<td>\u00a0ca. 57 mm\u00b2\/s<\/td>\n<\/tr>\n<tr>\n<td>\u00a0Vierkugelpr\u00fcfer, Schwei\u00dfkraft, DIN 51350 Pkt. 04<\/td>\n<td>\u00a0&gt;= 2 500 N<\/td>\n<\/tr>\n<tr>\n<td>\u00a0Wasserdichtigkeit, DIN 51807 pt. 01, 3 h\/90 \u00b0C, Bewertung<\/td>\n<td>\u00a0&lt;= 1 &#8211; 90<\/td>\n<\/tr>\n<tr>\n<td>\u00a0Mindesthaltbarkeit ab Herstellungsdatum \u2013 an einem trockenen, frostfreien Ort und im unge\u00f6ffneten Zustand<br \/>Originalbeh\u00e4lter, ca.<\/td>\n<td>\u00a024 Monate<\/td>\n<\/tr>\n<\/tbody>\n<\/table>\n<hr>\n<h5>Gefahreninformationen (CLP)<\/h5>\n<p><img decoding=\"async\" alt=\"\" src=\"https:\/\/eurohandler.com\/wp-content\/uploads\/pmedia\/IDe94c2557b3_DESC_01.jpg\" style=\"height: 100px;width: 100px\">\u00a0<img decoding=\"async\" alt=\"\" src=\"https:\/\/eurohandler.com\/wp-content\/uploads\/pmedia\/IDe94c2557b3_DESC_02.jpg\" style=\"height: 100px;width: 100px\">\u00a0<img decoding=\"async\" alt=\"\" src=\"https:\/\/eurohandler.com\/wp-content\/uploads\/pmedia\/IDe94c2557b3_DESC_03.jpg\" style=\"height: 100px;width: 100px\">\u00a0<img decoding=\"async\" alt=\"\" src=\"https:\/\/eurohandler.com\/wp-content\/uploads\/pmedia\/IDe94c2557b3_DESC_04.jpg\" style=\"height: 100px;width: 100px\">\u00a0<\/p>\n<p><b>Signalwort:<\/b>Gefahr<\/p>\n<h5>Gefahrenhinweise (H-Sets)<\/h5>\n<ul>\n<li>H222: Extrem entz\u00fcndliches Aerosol.<\/li>\n<li>H229: Beh\u00e4lter steht unter Druck: Kann bei Erhitzung platzen.<\/li>\n<li>H304: Kann bei Verschlucken und Eindringen in die Atemwege t\u00f6dlich sein.<\/li>\n<li>H315: Verursacht Hautreizungen.<\/li>\n<li>H336: Kann Schl\u00e4frigkeit und Benommenheit verursachen.<\/li>\n<li>H411: Giftig f\u00fcr Wasserorganismen, mit langfristiger Wirkung.<\/li>\n<\/ul>\n<h5>Sicherheitshinweise (P-Sets)<\/h5>\n<h6>Verh\u00fctung:<\/h6>\n<ul>\n<li>P210: Von Hitze, hei\u00dfen Oberfl\u00e4chen, Funken, offenen Flammen und anderen Z\u00fcndquellen fernhalten. Rauchen verboten.<\/li>\n<li>P211: Nicht gegen offene Flamme oder andere Z\u00fcndquelle spr\u00fchen.<\/li>\n<li>P251: Nicht durchstechen oder verbrennen, auch nicht nach Gebrauch.<\/li>\n<li>P273: Freisetzung in die Umwelt vermeiden.<\/li>\n<\/ul>\n<h6>Antwort:<\/h6>\n<ul>\n<li>P301 + P310: BEI VERSCHLUCKEN: Sofort Giftinformationszentrum\/Arzt anrufen.<\/li>\n<li>P331: KEIN Erbrechen herbeif\u00fchren.<\/li>\n<\/ul>\n<h6>Lagerung:<\/h6>\n<ul>\n<li>P410 + P412: Vor Sonnenlicht sch\u00fctzen und keinen Temperaturen \u00fcber 50\u00b0C\/122\u00b0F aussetzen.<\/li>\n<\/ul>\n<div class=\"alert alert-warning\"><button class=\"close\" data-dismiss=\"alert\" type=\"button\">\u00d7<\/button>Gef\u00e4hrliche Materialien. Bei Versand nach: DE, AT, NL, GB, CH, CZ, IT, ES, FI, NO, BE, IE, RO, PL, FR, PT, LU, DK, LI, GR, SE, SK, BG, SI, CA, LT, EE, LV, HR, SA k\u00f6nnen die Versandkosten erh\u00f6ht werden.<\/div>\n<p>\u00a0<\/p>\n<legend>Informationen zur Produktsicherheit (Hersteller, Kontakt)<\/legend>\n<p>KL\u00dcBER LUBRICATION M\u00dcNCHEN GMBH &amp; CO. KG, Geisenhausenerstra\u00dfe 7, 81379 M\u00fcnchen, GERMANY, +49 89 7876 0,<a class=\"__cf_email__\" data-cfemail=\"2a43444c456a41465f4f484f5804494547\" href=\"https:\/\/eurohandler.com\/\">[email\u00a0gesch\u00fctzt]<\/a>, www.klueber.com<\/p>\n<\/div>\n","protected":false},"excerpt":{"rendered":"<p>Kl\u00fcberpaste UH1 96-402 Spray Helle Hochtemperaturpaste f\u00fcr die Lebensmittel- und Pharmaindustrie | Nr.\u00a0081254 Kl\u00fcberpaste UH1 96-402 ist eine Hochtemperaturpaste f\u00fcr vielseitige Montagezwecke in hygienisch sensiblen Umgebungen. Es enth\u00e4lt vollsynthetische Grund\u00f6le und eine spezielle Mischung keramischer Festschmierstoffe. Im \u201enormalen\u201c Temperaturbereich bis ca. 160 \u00b0C, Kl\u00fcberpaste UH1 96-402 ist eine wasserbest\u00e4ndige Schmier- und Montagepaste mit guter Haftung [&hellip;]<\/p>\n","protected":false},"featured_media":7769,"comment_status":"open","ping_status":"closed","template":"","meta":[],"product_brand":[],"product_cat":[77],"product_tag":[],"class_list":{"0":"post-7739","1":"product","2":"type-product","3":"status-publish","4":"has-post-thumbnail","6":"product_cat-kluber-sprays","8":"first","9":"instock","10":"shipping-taxable","11":"purchasable","12":"product-type-variable"},"jetpack_sharing_enabled":true,"_links":{"self":[{"href":"https:\/\/schmier.at\/index.php\/wp-json\/wp\/v2\/product\/7739","targetHints":{"allow":["GET"]}}],"collection":[{"href":"https:\/\/schmier.at\/index.php\/wp-json\/wp\/v2\/product"}],"about":[{"href":"https:\/\/schmier.at\/index.php\/wp-json\/wp\/v2\/types\/product"}],"replies":[{"embeddable":true,"href":"https:\/\/schmier.at\/index.php\/wp-json\/wp\/v2\/comments?post=7739"}],"wp:featuredmedia":[{"embeddable":true,"href":"https:\/\/schmier.at\/index.php\/wp-json\/wp\/v2\/media\/7769"}],"wp:attachment":[{"href":"https:\/\/schmier.at\/index.php\/wp-json\/wp\/v2\/media?parent=7739"}],"wp:term":[{"taxonomy":"product_brand","embeddable":true,"href":"https:\/\/schmier.at\/index.php\/wp-json\/wp\/v2\/product_brand?post=7739"},{"taxonomy":"product_cat","embeddable":true,"href":"https:\/\/schmier.at\/index.php\/wp-json\/wp\/v2\/product_cat?post=7739"},{"taxonomy":"product_tag","embeddable":true,"href":"https:\/\/schmier.at\/index.php\/wp-json\/wp\/v2\/product_tag?post=7739"}],"curies":[{"name":"wp","href":"https:\/\/api.w.org\/{rel}","templated":true}]}}