{"id":7740,"date":"2026-03-24T16:27:28","date_gmt":"2026-03-24T16:27:28","guid":{"rendered":"https:\/\/schmier.at\/?post_type=product&#038;p=7740"},"modified":"2026-03-25T15:06:47","modified_gmt":"2026-03-25T15:06:47","slug":"kluberplex-ag-11-462-operating-and-priming-lubricant-400ml-spray-can","status":"publish","type":"product","link":"https:\/\/schmier.at\/index.php\/product\/kluberplex-ag-11-462-operating-and-priming-lubricant-400ml-spray-can\/","title":{"rendered":"Kl\u00fcberplex AG 11-462 Betriebs- und Grundschmierstoff 400ml Spr\u00fchdose"},"content":{"rendered":"<div>\n<h5>Kl\u00fcberplex AG 11-462\u00a0Wei\u00dfe Betriebs- und Grundschmierstoffe\u00a0| Nr. 081302<\/h5>\n<ul>\n<li>Kl\u00fcberplex AG 11-461 und 462 bieten sehr gute Verschlei\u00df- und Korrosionsschutzeigenschaften und tragen zu einem effizienten Betrieb Ihrer hochbelasteten Anlagen und Komponenten bei.<\/li>\n<li>Diese Haftfette haben sich seit vielen Jahren bew\u00e4hrt und sch\u00fctzen Bauteile auch bei Salzwassereinwirkung oder l\u00e4ngerem Stillstand zuverl\u00e4ssig.<\/li>\n<li>Temperaturbereich: -10\u00b0C bis +150\u00b0C\u00a0<\/li>\n<li>Inhalt: 400 ml Spr\u00fchdose<\/li>\n<li>Erh\u00e4ltlich in 450-g-Kartusche, 1-kg-Dose und 25-kg-Eimer<\/li>\n<\/ul>\n<h5>Ihre Vorteile auf einen Blick<\/h5>\n<ul>\n<li>Reduzierter Wartungsbedarf\n<ul>\n<li>Geringe Verschmutzung der Maschinenumgebung durch Verwendung wei\u00dfer Festschmierstoffe und geringer Schmierstoffverbrauch<\/li>\n<li>Sehr gute Haftung auch bei niedrigen Temperaturen<\/li>\n<li>Produktoptimierung m\u00f6glich, da das Produkt f\u00fcr Zahnkranz-\/Ritzelantriebe und Lager geeignet ist<\/li>\n<\/ul>\n<\/li>\n<li>Verbesserte Komponentenleistung\n<ul>\n<li>geringerer Verschlei\u00df durch ausgew\u00e4hlte Festschmierstoffe und Additive<\/li>\n<li>Sehr guter Korrosionsschutz auch bei Salzwassereinwirkung<\/li>\n<\/ul>\n<\/li>\n<\/ul>\n<h5>Anwendung<\/h5>\n<ul>\n<li>Kl\u00fcberplex AG 11-461 und 462 sind als Grundschmierstoffe f\u00fcr Zahnkranz- und Ritzelantriebe konzipiert und k\u00f6nnen auch als Kontrastschmierstoff zur \u00dcberpr\u00fcfung des Lastverhaltens des Antriebs eingesetzt werden.<\/li>\n<li>Im Offshore-Bereich, bei salzwasserbelasteten Schiffsanwendungen und Windkraftanlagen k\u00f6nnen offene Getriebe, langsamlaufende W\u00e4lzlager, Gleit- und F\u00fchrungsschienen, Stahlseile von Winden oder Kr\u00e4nen und \u00e4hnliche Bauteile mit Kl\u00fcberplex AG 11-461 und 462 wirksam geschmiert und gesch\u00fctzt werden.<\/li>\n<\/ul>\n<h5>Anwendungshinweise<\/h5>\n<ul>\n<li><strong>Grundschmierung<\/strong>\n<ul>\n<li>Kl\u00fcberplex AG 11-461 und 462 werden mit Pinsel oder Spachtel aufgetragen.<\/li>\n<li>F\u00fcr optimale Ergebnisse empfehlen wir, die zu schmierenden Fl\u00e4chen vor dem Schmieren zu reinigen.<\/li>\n<li>Um die richtige Menge f\u00fcr Ihre Anwendung zu ermitteln, gibt Ihnen das umseitige Diagramm Richtwerte.<\/li>\n<\/ul>\n<\/li>\n<li><strong>Betriebsschmierung<\/strong>\n<ul>\n<li>Kl\u00fcberplex AG 11-461 und 462 k\u00f6nnen mit handbetriebenen Fettpressen oder \u00fcber entsprechende Zentralschmieranlagen aufgetragen werden und sind bei Temperaturen bis 0 \u00b0C spr\u00fchbar.<\/li>\n<li>Bei der Spr\u00fchapplikation ist eine Absaugvorrichtung erforderlich, um das Einatmen des Spr\u00fchnebels zu vermeiden (siehe Sicherheitsdatenblatt Punkt 2).<\/li>\n<li>Bei ausreichender Nachschmierung sind kurzzeitige thermische Belastungen bis 200\u00b0C zul\u00e4ssig. Die einzusetzenden Schmierstoffmengen richten sich nach den Betriebsbedingungen und m\u00fcssen f\u00fcr jeden Anwendungsfall individuell ermittelt werden. L\u00e4ngere Einwirkung intensiver Sonneneinstrahlung kann die Oberfl\u00e4chenfarbe des Schmiermittels leicht ver\u00e4ndern, ohne seine Leistung zu beeintr\u00e4chtigen.<\/li>\n<\/ul>\n<\/li>\n<\/ul>\n<h5>Technische Spezifikationen<\/h5>\n<table border=\"2\" cellpadding=\"1\" cellspacing=\"1\" style=\"width:800px\">\n<tbody>\n<tr>\n<td>\u00a0Artikelnummer<\/td>\n<td>\u00a0081302<\/td>\n<\/tr>\n<tr>\n<td>\u00a0Festschmierstoffe, Prozentanteil<\/td>\n<td>\u00a0ca. 20 Gew.-%<\/td>\n<\/tr>\n<tr>\n<td>\u00a0Niedrigere Betriebstemperatur<\/td>\n<td>\u00a0-10 \u00b0C \/ 14 \u00b0F<\/td>\n<\/tr>\n<tr>\n<td>\u00a0Obere Betriebstemperatur<\/td>\n<td>\u00a0150 \u00b0C \/ 302 \u00b0F<\/td>\n<\/tr>\n<tr>\n<td>\u00a0Farbraum<\/td>\n<td>\u00a0Wei\u00df<\/td>\n<\/tr>\n<tr>\n<td>\u00a0Textur<\/td>\n<td>\u00a0homogen<\/td>\n<\/tr>\n<tr>\n<td>\u00a0Dichte bei 20 \u00b0C<\/td>\n<td>\u00a0ca. 1,05 g\/cm\u00b3<\/td>\n<\/tr>\n<tr>\n<td>\u00a0NLGI-Klassen, DIN 51818<\/td>\n<td>\u00a02<\/td>\n<\/tr>\n<tr>\n<td>\u00a0Walkpenetration, DIN ISO 2137, 25 \u00b0C, unterer Grenzwert<\/td>\n<td>\u00a0265 x 0,1 mm<\/td>\n<\/tr>\n<tr>\n<td>\u00a0Walkpenetration, DIN ISO 2137, 25 \u00b0C, oberer Grenzwert<\/td>\n<td>\u00a0295 x 0,1 mm<\/td>\n<\/tr>\n<tr>\n<td>\u00a0ISO-Viskosit\u00e4tsklasse des Grund\u00f6ls, DIN ISO 3448<\/td>\n<td>\u00a0460<\/td>\n<\/tr>\n<tr>\n<td>\u00a0Aufgabepunkt, DIN ISO 2176, IP 396<\/td>\n<td>\u00a0&gt;= 180 \u00b0C<\/td>\n<\/tr>\n<tr>\n<td>\u00a0FZG-Fresstest, angelehnt an DIN ISO 14635, A\/2,76\/Raumtemperatur, Fressbelastungsstufe<\/td>\n<td>\u00a0&gt;= 12<\/td>\n<\/tr>\n<tr>\n<td>\u00a0Funktioneller Schmierfilm<\/td>\n<td>\u00a0ca. -40 \u00b0C<\/td>\n<\/tr>\n<tr>\n<td>\u00a0Wasserdichtigkeit, DIN 51807 pt. 01, 3 h\/90 \u00b0C, Bewertung<\/td>\n<td>\u00a00 &#8211; 90<\/td>\n<\/tr>\n<tr>\n<td>\u00a0Mindesthaltbarkeit ab Herstellungsdatum \u2013 an einem trockenen, frostfreien Ort und im unge\u00f6ffneten Zustand<br \/>\u00a0Originalbeh\u00e4lter, ca.<\/td>\n<td>\u00a024 Monate<\/td>\n<\/tr>\n<\/tbody>\n<\/table>\n<hr>\n<h5>Gefahreninformationen (CLP)<\/h5>\n<p><img decoding=\"async\" alt=\"Flame\" src=\"https:\/\/eurohandler.com\/wp-content\/uploads\/pmedia\/ID43e630cc87_DESC_01.jpg\" style=\"width: 100px;height: 100px\"><img decoding=\"async\" alt=\"Health Hazard\" src=\"https:\/\/eurohandler.com\/wp-content\/uploads\/pmedia\/ID43e630cc87_DESC_02.jpg\" style=\"width: 100px;height: 100px\"><img decoding=\"async\" alt=\"\" src=\"https:\/\/eurohandler.com\/wp-content\/uploads\/pmedia\/ID43e630cc87_DESC_03.jpg\" style=\"height: 100px;width: 100px\"><\/p>\n<p><b>Signalwort:<\/b>Gefahr<\/p>\n<h5>Gefahrenhinweise (H-Sets)<\/h5>\n<ul>\n<li>H222: Extrem entz\u00fcndliches Aerosol.<\/li>\n<li>H229: Beh\u00e4lter steht unter Druck: Kann bei Erhitzung platzen.<\/li>\n<li>H304: Kann bei Verschlucken und Eindringen in die Atemwege t\u00f6dlich sein.<\/li>\n<li>H315: Verursacht Hautreizungen.<\/li>\n<li>H336: Kann Schl\u00e4frigkeit und Benommenheit verursachen.<\/li>\n<li>H412: Sch\u00e4dlich f\u00fcr Wasserorganismen, mit langfristiger Wirkung.<\/li>\n<\/ul>\n<h5>Sicherheitshinweise (P-Sets)<\/h5>\n<h6>Verh\u00fctung:<\/h6>\n<ul>\n<li>P210: Von Hitze, hei\u00dfen Oberfl\u00e4chen, Funken, offenen Flammen und anderen Z\u00fcndquellen fernhalten. Rauchen verboten.<\/li>\n<li>P211: Nicht gegen offene Flamme oder andere Z\u00fcndquelle spr\u00fchen.<\/li>\n<li>P251: Nicht durchstechen oder verbrennen, auch nicht nach Gebrauch.<\/li>\n<\/ul>\n<h6>Antwort:<\/h6>\n<ul>\n<li>P301 + P310: BEI VERSCHLUCKEN: Sofort Giftinformationszentrum\/Arzt anrufen.<\/li>\n<li>P331: KEIN Erbrechen herbeif\u00fchren.<\/li>\n<\/ul>\n<h6>Lagerung:<\/h6>\n<ul>\n<li>P410 + P412: Vor Sonnenlicht sch\u00fctzen und keinen Temperaturen \u00fcber 50\u00b0C\/122\u00b0F aussetzen.<\/li>\n<\/ul>\n<div class=\"alert alert-warning\"><button class=\"close\" data-dismiss=\"alert\" type=\"button\">\u00d7<\/button>Gef\u00e4hrliche Materialien. Bei Versand nach: DE, AT, NL, GB, CH, CZ, IT, ES, FI, NO, BE, IE, RO, PL, FR, PT, LU, DK, LI, GR, SE, SK, BG, SI, CA, LT, EE, LV, HR, SA k\u00f6nnen die Versandkosten erh\u00f6ht werden.<\/div>\n<p>\u00a0<\/p>\n<legend>Informationen zur Produktsicherheit (Hersteller, Kontakt)<\/legend>\n<p>KL\u00dcBER LUBRICATION M\u00dcNCHEN GMBH &amp; CO. KG, Geisenhausenerstra\u00dfe 7, 81379 M\u00fcnchen, GERMANY, +49 89 7876 0,<a class=\"__cf_email__\" data-cfemail=\"4e272028210e25223b2b2c2b3c602d2123\" href=\"https:\/\/eurohandler.com\/\">[email\u00a0gesch\u00fctzt]<\/a>, www.klueber.com<\/p>\n<\/div>\n<h3>Downloads<\/h3>\n<ul>\n<li><a href=\"https:\/\/eurohandler.com\/wp-content\/uploads\/pmedia\/ID43e630cc87_DL_01.pdf\" target=\"_blank\" rel=\"noopener\">klueberplex-ag-11-462-white-operating-and-priming-lubricant-datasheet.pdf<\/a><\/li>\n<\/ul>\n","protected":false},"excerpt":{"rendered":"<p>Kl\u00fcberplex AG 11-462\u00a0Wei\u00dfe Betriebs- und Grundschmierstoffe\u00a0| Nr. 081302 Kl\u00fcberplex AG 11-461 und 462 bieten sehr gute Verschlei\u00df- und Korrosionsschutzeigenschaften und tragen zu einem effizienten Betrieb Ihrer hochbelasteten Anlagen und Komponenten bei. Diese Haftfette haben sich seit vielen Jahren bew\u00e4hrt und sch\u00fctzen Bauteile auch bei Salzwassereinwirkung oder l\u00e4ngerem Stillstand zuverl\u00e4ssig. Temperaturbereich: -10\u00b0C bis +150\u00b0C\u00a0 Inhalt: 400 [&hellip;]<\/p>\n","protected":false},"featured_media":7770,"comment_status":"open","ping_status":"closed","template":"","meta":[],"product_brand":[],"product_cat":[77],"product_tag":[],"class_list":{"0":"post-7740","1":"product","2":"type-product","3":"status-publish","4":"has-post-thumbnail","6":"product_cat-kluber-sprays","8":"first","9":"instock","10":"shipping-taxable","11":"purchasable","12":"product-type-variable"},"jetpack_sharing_enabled":true,"_links":{"self":[{"href":"https:\/\/schmier.at\/index.php\/wp-json\/wp\/v2\/product\/7740","targetHints":{"allow":["GET"]}}],"collection":[{"href":"https:\/\/schmier.at\/index.php\/wp-json\/wp\/v2\/product"}],"about":[{"href":"https:\/\/schmier.at\/index.php\/wp-json\/wp\/v2\/types\/product"}],"replies":[{"embeddable":true,"href":"https:\/\/schmier.at\/index.php\/wp-json\/wp\/v2\/comments?post=7740"}],"wp:featuredmedia":[{"embeddable":true,"href":"https:\/\/schmier.at\/index.php\/wp-json\/wp\/v2\/media\/7770"}],"wp:attachment":[{"href":"https:\/\/schmier.at\/index.php\/wp-json\/wp\/v2\/media?parent=7740"}],"wp:term":[{"taxonomy":"product_brand","embeddable":true,"href":"https:\/\/schmier.at\/index.php\/wp-json\/wp\/v2\/product_brand?post=7740"},{"taxonomy":"product_cat","embeddable":true,"href":"https:\/\/schmier.at\/index.php\/wp-json\/wp\/v2\/product_cat?post=7740"},{"taxonomy":"product_tag","embeddable":true,"href":"https:\/\/schmier.at\/index.php\/wp-json\/wp\/v2\/product_tag?post=7740"}],"curies":[{"name":"wp","href":"https:\/\/api.w.org\/{rel}","templated":true}]}}