{"id":7741,"date":"2026-03-24T16:27:28","date_gmt":"2026-03-24T16:27:28","guid":{"rendered":"https:\/\/schmier.at\/?post_type=product&#038;p=7741"},"modified":"2026-03-25T15:07:06","modified_gmt":"2026-03-25T15:07:06","slug":"klubersynth-ch-2-100-n-high-temperature-chain-oil-400ml-spray-can","status":"publish","type":"product","link":"https:\/\/schmier.at\/index.php\/product\/klubersynth-ch-2-100-n-high-temperature-chain-oil-400ml-spray-can\/","title":{"rendered":"Kl\u00fcbersynth CH 2-100 N Hochtemperatur-Ketten\u00f6l 400ml Spraydose"},"content":{"rendered":"<div>\n<h5>Kl\u00fcbersynth CH 2-100N Spray Hochtemperatur-Ketten\u00f6le<\/h5>\n<ul>\n<li>Alle Kettenanwender streben danach, den Schmierstoffverbrauch zu minimieren, um ihre Rentabilit\u00e4t zu steigern. Gleichzeitig erwarten sie einen guten Verschlei\u00dfschutz und eine geringe R\u00fcckstandsbildung, um die Wartungskosten niedrig zu halten<\/li>\n<li>Unsere synthetischen Ester\u00f6le erf\u00fcllen diese Anforderungen eindeutig. Mit unserer Kl\u00fcbersynth CH 2-Serie haben wir die richtige L\u00f6sung f\u00fcr Sie gefunden.<\/li>\n<li>Temperaturbereich: 0\u00b0C bis +250\u00b0C\u00a0<\/li>\n<li>Volumen: Spraydose 400 ml<\/li>\n<li>Auch erh\u00e4ltlich in: Kanister 5 l,\u00a0Fass 200 l<\/li>\n<\/ul>\n<p><strong>Vorteile f\u00fcr Ihre Bewerbung<\/strong><\/p>\n<ul>\n<li>Synthetisches Ester\u00f6l f\u00fcr geringe Dauernachschmiermengen bei hohen Temperaturen bis 250 \u00b0C<\/li>\n<li>Ein guter Verschlei\u00dfschutz f\u00fchrt zu einer verl\u00e4ngerten Kettenlebensdauer auch bei Temperaturen \u00fcber 200 \u00b0C<\/li>\n<li>Saubere Ketten und einfaches Nachschmieren durch geringe R\u00fcckstandsbildung<\/li>\n<li>Keine mechanische Reinigung der Ketten erforderlich<\/li>\n<li>Geringer Energieverbrauch durch geringe Kettenreibung und gute Schmierfilmbildung<\/li>\n<li>Lackvertr\u00e4gliche Rohstoffe zur Vermeidung von Lackfehlern und Nacharbeiten<\/li>\n<\/ul>\n<p><strong>Anwendungen<\/strong><\/p>\n<ul>\n<li>Die \u00d6le der Kl\u00fcbersynth CH 2-Reihe wurden f\u00fcr die Schmierung von Antriebs-, Steuer- und F\u00f6rderketten entwickelt, die bei hohen Temperaturen betrieben werden. Anwendungen dieser Art finden sich beispielsweise in der Oberfl\u00e4chenbehandlung und Beschichtung von Industrieg\u00fctern.<\/li>\n<li>F\u00f6rderb\u00e4nder, die von Automobilzulieferern, metallverarbeitenden Unternehmen, M\u00f6bel- und Haushaltsger\u00e4teherstellern eingesetzt werden<\/li>\n<li>Trockner, z.B. f\u00fcr Gipskartonplatten<\/li>\n<\/ul>\n<p><strong>Technische Spezifikationen<\/strong><\/p>\n<table border=\"2\" cellpadding=\"0\" cellspacing=\"0\" style=\"width:723px\" width=\"723\">\n<colgroup>\n<col>\n<col><\/colgroup>\n<tbody>\n<tr>\n<td height=\"20\" style=\"height:20px;width:564px\">Artikelnummer\u00a0<\/td>\n<td style=\"width:159px\">081306<\/td>\n<\/tr>\n<tr>\n<td height=\"20\" style=\"height:20px;width:564px\">Chemische Zusammensetzung, \u00d6lsorte\u00a0<\/td>\n<td style=\"width:159px\">Ester\u00f6l\u00a0<\/td>\n<\/tr>\n<tr>\n<td height=\"20\" style=\"height:20px;width:564px\">Chemische Zusammensetzung, \u00d6lsorte\u00a0<\/td>\n<td style=\"width:159px\">synthetisches Kohlenwasserstoff\u00f6l<\/td>\n<\/tr>\n<tr>\n<td height=\"20\" style=\"height:20px;width:564px\">Niedrigere Betriebstemperatur\u00a0<\/td>\n<td style=\"width:159px\">0 \u00b0C \/ 32 \u00b0F\u00a0<\/td>\n<\/tr>\n<tr>\n<td height=\"20\" style=\"height:20px;width:564px\">Obere Betriebstemperatur\u00a0<\/td>\n<td style=\"width:159px\">250 \u00b0C \/ 482 \u00b0F\u00a0<\/td>\n<\/tr>\n<tr>\n<td height=\"20\" style=\"height:20px;width:564px\">Aussehen\u00a0<\/td>\n<td style=\"width:159px\">klar\u00a0<\/td>\n<\/tr>\n<tr>\n<td height=\"20\" style=\"height:20px;width:564px\">Farbraum\u00a0<\/td>\n<td style=\"width:159px\">Gelb\u00a0<\/td>\n<\/tr>\n<tr>\n<td height=\"20\" style=\"height:20px;width:564px\">Dichte, DIN 51757, 20 \u00b0C\u00a0<\/td>\n<td style=\"width:159px\">ca. 0,91 g\/cm\u00b3<\/td>\n<\/tr>\n<tr>\n<td height=\"20\" style=\"height:20px;width:564px\">Kinematische Viskosit\u00e4t, DIN 51562 Pkt. 01\/ASTM D-445\/ ASTM D 7042, 40 \u00b0C<\/td>\n<td style=\"width:159px\">ca. 100 mm\u00b2\/s<\/td>\n<\/tr>\n<tr>\n<td height=\"20\" style=\"height:20px;width:564px\">Kinematische Viskosit\u00e4t, DIN 51562 Pkt. 01\/ASTM D-445\/ ASTM D 7042, 100 \u00b0C<\/td>\n<td style=\"width:159px\">ca. 14 mm\u00b2\/s<\/td>\n<\/tr>\n<tr>\n<td height=\"20\" style=\"height:20px;width:564px\">Viskosit\u00e4tsindex, DIN ISO 2909\u00a0<\/td>\n<td style=\"width:159px\">&gt;= 135\u00a0<\/td>\n<\/tr>\n<tr>\n<td height=\"32\" style=\"height:32px;width:564px\">Mindesthaltbarkeit ab Herstellungsdatum \u2013 an einem trockenen, frostfreien Ort und im unge\u00f6ffneten Originalgebinde ca.<\/td>\n<td style=\"width:159px\">36 Monate\u00a0<\/td>\n<\/tr>\n<\/tbody>\n<\/table>\n<hr>\n<h5>Gefahreninformationen (CLP)<\/h5>\n<p><img decoding=\"async\" alt=\"Flame\" src=\"https:\/\/eurohandler.com\/wp-content\/uploads\/pmedia\/IDe808570023_DESC_01.jpg\" style=\"width: 100px;height: 100px\"><\/p>\n<p><b>Signalwort:<\/b>Gefahr<\/p>\n<h5>Gefahrenhinweise (H-Sets)<\/h5>\n<ul>\n<li>H222: Extrem entz\u00fcndliches Aerosol.<\/li>\n<li>H229: Beh\u00e4lter steht unter Druck: Kann bei Erhitzung platzen.<\/li>\n<\/ul>\n<h5>Sicherheitshinweise (P-Sets)<\/h5>\n<h6>Verh\u00fctung:<\/h6>\n<ul>\n<li>P210: Von Hitze, hei\u00dfen Oberfl\u00e4chen, Funken, offenen Flammen und anderen Z\u00fcndquellen fernhalten. Rauchen verboten.<\/li>\n<li>P211: Nicht gegen offene Flamme oder andere Z\u00fcndquelle spr\u00fchen.<\/li>\n<li>P251: Nicht durchstechen oder verbrennen, auch nicht nach Gebrauch.<\/li>\n<\/ul>\n<h6>Lagerung:<\/h6>\n<ul>\n<li>P410 + P412: Vor Sonnenlicht sch\u00fctzen und keinen Temperaturen \u00fcber 50\u00b0C\/122\u00b0F aussetzen.<\/li>\n<\/ul>\n<div class=\"alert alert-warning\"><button class=\"close\" data-dismiss=\"alert\" type=\"button\">\u00d7<\/button>Gef\u00e4hrliche Materialien. Bei Versand nach: DE, AT, NL, GB, CH, CZ, IT, ES, FI, NO, BE, IE, RO, PL, FR, PT, LU, DK, LI, GR, SE, SK, BG, SI, CA, LT, EE, LV, HR, SA k\u00f6nnen die Versandkosten erh\u00f6ht werden.<\/div>\n<p>\u00a0<\/p>\n<legend>Informationen zur Produktsicherheit (Hersteller, Kontakt)<\/legend>\n<p>KL\u00dcBER LUBRICATION M\u00dcNCHEN GMBH &amp; CO. KG, Geisenhausenerstra\u00dfe 7, 81379 M\u00fcnchen, GERMANY, +49 89 7876 0,<a class=\"__cf_email__\" data-cfemail=\"d6bfb8b0b996bdbaa3b3b4b3a4f8b5b9bb\" href=\"https:\/\/eurohandler.com\/\">[email\u00a0gesch\u00fctzt]<\/a>, www.klueber.com<\/p>\n<\/div>\n<h3>Downloads<\/h3>\n<ul>\n<li><a href=\"https:\/\/eurohandler.com\/wp-content\/uploads\/pmedia\/IDe808570023_DL_01.pdf\" target=\"_blank\" rel=\"noopener\">klubersynth-ch-2-100-n-high-temperature-chain-oil-datasheet.pdf<\/a><\/li>\n<li><a href=\"https:\/\/eurohandler.com\/wp-content\/uploads\/pmedia\/IDe808570023_DL_02.pdf\" target=\"_blank\" rel=\"noopener\">klubersynth-ch-2-100-n-high-temperature-chain-oil-sds-en.pdf<\/a><\/li>\n<\/ul>\n","protected":false},"excerpt":{"rendered":"<p>Kl\u00fcbersynth CH 2-100N Spray Hochtemperatur-Ketten\u00f6le Alle Kettenanwender streben danach, den Schmierstoffverbrauch zu minimieren, um ihre Rentabilit\u00e4t zu steigern. Gleichzeitig erwarten sie einen guten Verschlei\u00dfschutz und eine geringe R\u00fcckstandsbildung, um die Wartungskosten niedrig zu halten Unsere synthetischen Ester\u00f6le erf\u00fcllen diese Anforderungen eindeutig. Mit unserer Kl\u00fcbersynth CH 2-Serie haben wir die richtige L\u00f6sung f\u00fcr Sie gefunden. Temperaturbereich: [&hellip;]<\/p>\n","protected":false},"featured_media":7771,"comment_status":"open","ping_status":"closed","template":"","meta":[],"product_brand":[],"product_cat":[77],"product_tag":[],"class_list":{"0":"post-7741","1":"product","2":"type-product","3":"status-publish","4":"has-post-thumbnail","6":"product_cat-kluber-sprays","8":"first","9":"instock","10":"shipping-taxable","11":"purchasable","12":"product-type-variable"},"jetpack_sharing_enabled":true,"_links":{"self":[{"href":"https:\/\/schmier.at\/index.php\/wp-json\/wp\/v2\/product\/7741","targetHints":{"allow":["GET"]}}],"collection":[{"href":"https:\/\/schmier.at\/index.php\/wp-json\/wp\/v2\/product"}],"about":[{"href":"https:\/\/schmier.at\/index.php\/wp-json\/wp\/v2\/types\/product"}],"replies":[{"embeddable":true,"href":"https:\/\/schmier.at\/index.php\/wp-json\/wp\/v2\/comments?post=7741"}],"wp:featuredmedia":[{"embeddable":true,"href":"https:\/\/schmier.at\/index.php\/wp-json\/wp\/v2\/media\/7771"}],"wp:attachment":[{"href":"https:\/\/schmier.at\/index.php\/wp-json\/wp\/v2\/media?parent=7741"}],"wp:term":[{"taxonomy":"product_brand","embeddable":true,"href":"https:\/\/schmier.at\/index.php\/wp-json\/wp\/v2\/product_brand?post=7741"},{"taxonomy":"product_cat","embeddable":true,"href":"https:\/\/schmier.at\/index.php\/wp-json\/wp\/v2\/product_cat?post=7741"},{"taxonomy":"product_tag","embeddable":true,"href":"https:\/\/schmier.at\/index.php\/wp-json\/wp\/v2\/product_tag?post=7741"}],"curies":[{"name":"wp","href":"https:\/\/api.w.org\/{rel}","templated":true}]}}