{"id":7742,"date":"2026-03-24T16:27:28","date_gmt":"2026-03-24T16:27:28","guid":{"rendered":"https:\/\/schmier.at\/?post_type=product&#038;p=7742"},"modified":"2026-03-25T15:07:31","modified_gmt":"2026-03-25T15:07:31","slug":"klubermatic-kd-hand-sprayer","status":"publish","type":"product","link":"https:\/\/schmier.at\/index.php\/product\/klubermatic-kd-hand-sprayer\/","title":{"rendered":"Kl\u00fcbermatic KD Handspr\u00fchger\u00e4t"},"content":{"rendered":"<div>\n<strong>Vorteile f\u00fcr Ihre Bewerbung<\/strong><\/p>\n<ul>\n<li>Niedrige Investitionskosten<\/li>\n<li>Hohe Zuverl\u00e4ssigkeit<\/li>\n<li>Einfache Handhabung \u2013 f\u00fcr die Bedienung ist keine spezielle Schulung erforderlich<\/li>\n<li>Hohe Flexibilit\u00e4t \u2013 mit Schultergurt f\u00fcr einfachen Transport (Gewicht bei vollst\u00e4ndiger Bef\u00fcllung: ca. 11 kg)<\/li>\n<li>Korrosionsbest\u00e4ndige Materialien \u2013 lange Lebensdauer der Ger\u00e4te<\/li>\n<li>Unterliegt nicht der EG-Druckger\u00e4terichtlinie \u2013 keine regelm\u00e4\u00dfige Druckpr\u00fcfung erforderlich, sichere Ger\u00e4terichtlinie<\/li>\n<\/ul>\n<p><strong>Beschreibung<\/strong><\/p>\n<ul>\n<li>Das Handspr\u00fchger\u00e4t besteht aus einem Edelstahlbeh\u00e4lter und einer Handpumpe zum Aufbau einer Druckluft<\/li>\n<li>Polster \u00fcber dem Schmierstoffspiegel bis zu einem maximalen Betriebsdruck von 6 bar.<\/li>\n<li>Zus\u00e4tzlich zum Standard-Spr\u00fchrohr von 450 mm mit gebogenem D\u00fcsenende ist ein Verl\u00e4ngerungsrohr im Lieferumfang enthalten<\/li>\n<li>stufenlos verstellbar von 1070 bis 2000 mm. Die Gebrauchstauglichkeit der Ger\u00e4te wurde gepr\u00fcft und an die Anforderungen angepasst<\/li>\n<li>Anforderungen in der Praxis. Es ist kein station\u00e4rer Druckluftanschluss erforderlich. Kl\u00fcbermatic KD ist T\u00dcV- und GS-zertifiziert.<\/li>\n<\/ul>\n<p><strong>Anwendung<\/strong><\/p>\n<ul>\n<li>Kl\u00fcbermatic KD wird haupts\u00e4chlich f\u00fcr lose Ofenlaufringe verwendet, die mit WOLFRACOAT C FLUID geschmiert werden.<\/li>\n<\/ul>\n<p><strong>Anwendungshinweise<\/strong><\/p>\n<ul>\n<li>Zum Bef\u00fcllen des Druckbeh\u00e4lters wird die eingebaute Luftpumpe gegen den Uhrzeigersinn herausgeschraubt.<\/li>\n<li>Achtung: Vor dem Bef\u00fcllen sollte der Schmierstoffbeh\u00e4lter gut gesch\u00fcttelt werden, um die Festschmierstoffe zu aktivieren.<\/li>\n<li>Nachdem der Druckbeh\u00e4lter mit Schmierstoff (max. 5 l) gef\u00fcllt ist, wird die Luftpumpe wieder montiert und festgeschraubt, um einen luftdichten Sitz zu gew\u00e4hrleisten.<\/li>\n<li>Zur Sicherheit beim Transport ist der Luftpumpengriff arretierbar.<\/li>\n<li>Schrauben Sie die Schraube nicht zu fest an, um das L\u00f6sen beim Einschalten der Pumpe zu erleichtern.<\/li>\n<li>Die Pumpe dient zum Aufbau eines Druckluftpolsters. Der maximal zul\u00e4ssige Druck betr\u00e4gt 6 bar und kann \u00fcberpr\u00fcft werden<\/li>\n<li>auf dem Manometer, rote Markierung. Nach dem Pumpen ist Kl\u00fcbermatic KD gebrauchsfertig.<\/li>\n<li>Der Schmierstoffstrahl wird durch kurzes Bet\u00e4tigen des Handventils aktiviert.<\/li>\n<li>Die Strahld\u00fcse ist auf die Reibstelle, also die Innenseite des Ofenrings, gerichtet.<\/li>\n<li>\u00dcbersteigt der Druck im Druckbeh\u00e4lter 6 bar, muss das Sicherheitsventil automatisch \u00f6ffnen.<\/li>\n<li>Zur manuellen Druckentlastung \u2013 z.B. Wenn die Pumpe zum Nachf\u00fcllen ausgebaut werden soll \u2013\u2013 Entl\u00fcftungsventil \u00f6ffnen.<\/li>\n<\/ul>\n<p><strong>Nachf\u00fcllen<\/strong><br \/>Dr\u00fccken Sie den roten Knopf des Entl\u00fcftungsventils und halten Sie ihn gedr\u00fcckt, bis der Druck vollst\u00e4ndig abgelassen ist. \u00dcberwachen Sie die Druckentlastung am Manometer.<\/p>\n<ul>\n<li>Luftpumpe demontieren.<\/li>\n<li>Schmiermittel einf\u00fcllen, Pumpe wieder montieren und festschrauben.<\/li>\n<li>Luftpumpe erneut bet\u00e4tigen, um Druckpolster aufzubauen.<\/li>\n<\/ul>\n<p>\u00a0<\/p>\n<legend>Informationen zur Produktsicherheit (Hersteller, Kontakt)<\/legend>\n<p>KL\u00dcBER LUBRICATION M\u00dcNCHEN GMBH &amp; CO. KG, Geisenhausenerstra\u00dfe 7, 81379 M\u00fcnchen, GERMANY, +49 89 7876 0,<a class=\"__cf_email__\" data-cfemail=\"a0c9cec6cfe0cbccd5c5c2c5d28ec3cfcd\" href=\"https:\/\/eurohandler.com\/\">[email\u00a0gesch\u00fctzt]<\/a>, www.klueber.com<\/p>\n<\/div>\n","protected":false},"excerpt":{"rendered":"<p>Vorteile f\u00fcr Ihre Bewerbung Niedrige Investitionskosten Hohe Zuverl\u00e4ssigkeit Einfache Handhabung \u2013 f\u00fcr die Bedienung ist keine spezielle Schulung erforderlich Hohe Flexibilit\u00e4t \u2013 mit Schultergurt f\u00fcr einfachen Transport (Gewicht bei vollst\u00e4ndiger Bef\u00fcllung: ca. 11 kg) Korrosionsbest\u00e4ndige Materialien \u2013 lange Lebensdauer der Ger\u00e4te Unterliegt nicht der EG-Druckger\u00e4terichtlinie \u2013 keine regelm\u00e4\u00dfige Druckpr\u00fcfung erforderlich, sichere Ger\u00e4terichtlinie Beschreibung Das Handspr\u00fchger\u00e4t [&hellip;]<\/p>\n","protected":false},"featured_media":7772,"comment_status":"open","ping_status":"closed","template":"","meta":[],"product_brand":[],"product_cat":[78],"product_tag":[],"class_list":{"0":"post-7742","1":"product","2":"type-product","3":"status-publish","4":"has-post-thumbnail","6":"product_cat-kluber-schmierstoffspender","8":"first","9":"instock","10":"shipping-taxable","11":"purchasable","12":"product-type-variable"},"jetpack_sharing_enabled":true,"_links":{"self":[{"href":"https:\/\/schmier.at\/index.php\/wp-json\/wp\/v2\/product\/7742","targetHints":{"allow":["GET"]}}],"collection":[{"href":"https:\/\/schmier.at\/index.php\/wp-json\/wp\/v2\/product"}],"about":[{"href":"https:\/\/schmier.at\/index.php\/wp-json\/wp\/v2\/types\/product"}],"replies":[{"embeddable":true,"href":"https:\/\/schmier.at\/index.php\/wp-json\/wp\/v2\/comments?post=7742"}],"wp:featuredmedia":[{"embeddable":true,"href":"https:\/\/schmier.at\/index.php\/wp-json\/wp\/v2\/media\/7772"}],"wp:attachment":[{"href":"https:\/\/schmier.at\/index.php\/wp-json\/wp\/v2\/media?parent=7742"}],"wp:term":[{"taxonomy":"product_brand","embeddable":true,"href":"https:\/\/schmier.at\/index.php\/wp-json\/wp\/v2\/product_brand?post=7742"},{"taxonomy":"product_cat","embeddable":true,"href":"https:\/\/schmier.at\/index.php\/wp-json\/wp\/v2\/product_cat?post=7742"},{"taxonomy":"product_tag","embeddable":true,"href":"https:\/\/schmier.at\/index.php\/wp-json\/wp\/v2\/product_tag?post=7742"}],"curies":[{"name":"wp","href":"https:\/\/api.w.org\/{rel}","templated":true}]}}