{"id":7743,"date":"2026-03-24T16:27:28","date_gmt":"2026-03-24T16:27:28","guid":{"rendered":"https:\/\/schmier.at\/?post_type=product&#038;p=7743"},"modified":"2026-03-25T15:07:49","modified_gmt":"2026-03-25T15:07:49","slug":"klubermatic-lb-hand-sprayer","status":"publish","type":"product","link":"https:\/\/schmier.at\/index.php\/product\/klubermatic-lb-hand-sprayer\/","title":{"rendered":"Kl\u00fcbermatic LB Handspr\u00fchger\u00e4t"},"content":{"rendered":"<div>Das Handspr\u00fchger\u00e4t besteht aus einem Edelstahlbeh\u00e4lter, einer Spritzpistole und den Verbindungsschl\u00e4uchen. Der abnehmbare Deckel des Beh\u00e4lters verf\u00fcgt \u00fcber einen Anschluss f\u00fcr das Betriebsdruckluftnetz und die Verbindungsschl\u00e4uche, ein Druckminderventil mit Manometer und \u00dcberdruckventil sowie ein Entl\u00fcftungsventil. Die Schl\u00e4uche vom Schmierstoffbeh\u00e4lter zur Spritzpistole f\u00fcr den Schmierstoff und die Druckluft sind 2,5 m lang.<\/p>\n<p><strong>Produktinformationen<\/strong><\/p>\n<ul>\n<li>Einfacher Aufbau des Ger\u00e4tes<\/li>\n<li>Einfache Bedienung ohne spezielle Schulung. Hohe Flexibilit\u00e4t<\/li>\n<li>\u00a0Sie m\u00fcssen nur in ein Ger\u00e4t investieren. Geringer spezifischer Schmierstoff- und Luftverbrauch<\/li>\n<li>Reduzierung der Betriebskosten Umweltfreundlich, da gezielter Einsatz von Mindestmengen<\/li>\n<li>kein \u00fcberfl\u00fcssiger Auftrag von Gleitmittel<\/li>\n<li>Geringes Gewicht<\/li>\n<li>hohe Akzeptanz beim Bedienpersonal<\/li>\n<li>Vielf\u00e4ltige Einsatzm\u00f6glichkeiten<\/li>\n<li>zur Betriebsschmierung, Zwangseinlaufschmierung und Reparaturschmierung (GRAFLOSCON- und Kl\u00fcberfluid-Produkte spr\u00fchbar)<\/li>\n<li>Erh\u00f6hter Sicherheitsstandard<\/li>\n<li>Kein direkter Kontakt mit rotierenden Maschinenelementen durch Spritzen<\/li>\n<\/ul>\n<p><strong>Technische Spezifikationen:<\/strong><\/p>\n<ul>\n<li>Schmierstoffbeh\u00e4lter, 10l Fassungsverm\u00f6gen, Betriebsdruck max. 3 bar. Deckel abnehmbar<\/li>\n<li>Druckluft-Absperrventil R1\/4&#8221; Anschlussgewinde<\/li>\n<li>Schmierschlauch, 2,5 m lang<\/li>\n<li>Druckluftschlauch, 2,5 m lang<\/li>\n<li>Universelle Hochleistungsspritzpistole, einstellbare Schmiermittelmenge, Luftmenge und Spr\u00fchbild<\/li>\n<li>Stellschraube zur Regulierung der Schmierstoffmenge<\/li>\n<li>Stellschraube zur Regulierung des Luftdurchsatzes. 4-Loch-Luftkappe mit Luftkappenmutter zur vertikalen oder horizontalen Positionierung des Flachstrahls<\/li>\n<\/ul>\n<p>\u00a0<\/p>\n<legend>Informationen zur Produktsicherheit (Hersteller, Kontakt)<\/legend>\n<p>KL\u00dcBER LUBRICATION M\u00dcNCHEN GMBH &amp; CO. KG, Geisenhausenerstra\u00dfe 7, 81379 M\u00fcnchen, GERMANY, +49 89 7876 0,<a class=\"__cf_email__\" data-cfemail=\"98f1f6fef7d8f3f4edfdfafdeab6fbf7f5\" href=\"https:\/\/eurohandler.com\/\">[email\u00a0gesch\u00fctzt]<\/a>, www.klueber.com<\/p>\n<\/div>\n","protected":false},"excerpt":{"rendered":"<p>Das Handspr\u00fchger\u00e4t besteht aus einem Edelstahlbeh\u00e4lter, einer Spritzpistole und den Verbindungsschl\u00e4uchen. Der abnehmbare Deckel des Beh\u00e4lters verf\u00fcgt \u00fcber einen Anschluss f\u00fcr das Betriebsdruckluftnetz und die Verbindungsschl\u00e4uche, ein Druckminderventil mit Manometer und \u00dcberdruckventil sowie ein Entl\u00fcftungsventil. Die Schl\u00e4uche vom Schmierstoffbeh\u00e4lter zur Spritzpistole f\u00fcr den Schmierstoff und die Druckluft sind 2,5 m lang. Produktinformationen Einfacher Aufbau des [&hellip;]<\/p>\n","protected":false},"featured_media":7773,"comment_status":"open","ping_status":"closed","template":"","meta":[],"product_brand":[],"product_cat":[78],"product_tag":[],"class_list":{"0":"post-7743","1":"product","2":"type-product","3":"status-publish","4":"has-post-thumbnail","6":"product_cat-kluber-schmierstoffspender","8":"first","9":"instock","10":"shipping-taxable","11":"purchasable","12":"product-type-variable"},"jetpack_sharing_enabled":true,"_links":{"self":[{"href":"https:\/\/schmier.at\/index.php\/wp-json\/wp\/v2\/product\/7743","targetHints":{"allow":["GET"]}}],"collection":[{"href":"https:\/\/schmier.at\/index.php\/wp-json\/wp\/v2\/product"}],"about":[{"href":"https:\/\/schmier.at\/index.php\/wp-json\/wp\/v2\/types\/product"}],"replies":[{"embeddable":true,"href":"https:\/\/schmier.at\/index.php\/wp-json\/wp\/v2\/comments?post=7743"}],"wp:featuredmedia":[{"embeddable":true,"href":"https:\/\/schmier.at\/index.php\/wp-json\/wp\/v2\/media\/7773"}],"wp:attachment":[{"href":"https:\/\/schmier.at\/index.php\/wp-json\/wp\/v2\/media?parent=7743"}],"wp:term":[{"taxonomy":"product_brand","embeddable":true,"href":"https:\/\/schmier.at\/index.php\/wp-json\/wp\/v2\/product_brand?post=7743"},{"taxonomy":"product_cat","embeddable":true,"href":"https:\/\/schmier.at\/index.php\/wp-json\/wp\/v2\/product_cat?post=7743"},{"taxonomy":"product_tag","embeddable":true,"href":"https:\/\/schmier.at\/index.php\/wp-json\/wp\/v2\/product_tag?post=7743"}],"curies":[{"name":"wp","href":"https:\/\/api.w.org\/{rel}","templated":true}]}}